{"id":1921,"date":"2016-10-03T11:46:43","date_gmt":"2016-10-03T11:46:43","guid":{"rendered":"https:\/\/calafate.demo-heythemers.com\/?page_id=1921"},"modified":"2026-02-12T09:25:44","modified_gmt":"2026-02-12T09:25:44","slug":"hinnasto","status":"publish","type":"page","link":"https:\/\/tianki.fi\/index.php\/hinnasto\/","title":{"rendered":"hinnasto"},"content":{"rendered":"<div class=\"grid kcm\">\n<div class=\"grid__item one-whole portable--auto lap--auto palm--auto top-no-padding bottom-no-padding   \" data-style=\"undefined\">\n<p>&nbsp;<\/p>\n<h2 style=\"text-align: center;\">Shiatsu<\/h2>\n<p style=\"text-align: center;\">120 min \u2013 80 \u20ac<\/p>\n<p style=\"text-align: center;\">60 min \u2013 50 \u20ac<\/p>\n<p style=\"text-align: center;\">30 min \u2013 35 \u20ac (lapset)<\/p>\n<p>&nbsp;<\/p>\n<h2 style=\"text-align: center;\">Hartia\/p\u00e4\u00e4 + jalkakylpy<\/h2>\n<p style=\"text-align: center;\">45 min \u2013 45 \u20ac<\/p>\n<p>&nbsp;<\/p>\n<h2 style=\"text-align: center;\">Reiki<\/h2>\n<p style=\"text-align: center;\">60 min \u2013 50 \u20ac<\/p>\n<p>&nbsp;<\/p>\n<h2 style=\"text-align: center;\">Kosmeettinen gua sha<\/h2>\n<p style=\"text-align: center;\">60 min \u2013 65 \u20ac<\/p>\n<p>&nbsp;<\/p>\n<h2 style=\"text-align: center;\">Lis\u00e4palvelut<\/h2>\n<p style=\"text-align: center;\">Moksa (l\u00e4mp\u00f6hoito) \u2013 10 \u20ac<\/p>\n<p style=\"text-align: center;\">Kuiva- tai liukukuppaus \u2013 10 \u20ac<\/p>\n<p>&nbsp;<\/p>\n<h2 style=\"text-align: center;\">Sarjakortit<\/h2>\n<p style=\"text-align: center;\">Mik\u00e4 tahansa hoito x 3 \u2013 Alennus 10 %<\/p>\n<p>&nbsp;<\/p>\n<p style=\"text-align: center;\"><em>(Hinnat sis. ALV 25,5 %)<\/em><\/p>\n<\/div>\n<div class=\"grid__item one-whole portable--auto lap--auto palm--auto top-small-padding bottom-no-padding \" data-style=\"undefined\">\n<p style=\"text-align: center;\">Lis\u00e4tietoa hoidoista l\u00f6yd\u00e4t <a href=\"https:\/\/tianki.fi\/index.php\/shiatsu\/\" target=\"_blank\" rel=\"noopener\">shiatsu<\/a>, <a href=\"https:\/\/tianki.fi\/index.php\/kosmeettinen-gua-sha\/\" target=\"_blank\" rel=\"noopener\">gua sha<\/a> ja <a href=\"https:\/\/tianki.fi\/index.php\/reiki\/\" target=\"_blank\" rel=\"noopener\">reiki<\/a> sivuilta.<br \/>\nHinnasto ja hoitojen kuvaukset n\u00e4kyv\u00e4t my\u00f6s <a href=\"https:\/\/vello.fi\/tianki\/\" target=\"_blank\" rel=\"noopener\">varauskalenterissa<\/a>.<\/p>\n<p><img loading=\"lazy\" decoding=\"async\" class=\"aligncenter size-full wp-image-2833\" src=\"http:\/\/tianki.fi\/wp-content\/uploads\/2023\/12\/tianki-hinnasto.jpg\" alt=\"tianki hinnasto\" width=\"1024\" height=\"679\" srcset=\"https:\/\/tianki.fi\/wp-content\/uploads\/2023\/12\/tianki-hinnasto.jpg 1024w, https:\/\/tianki.fi\/wp-content\/uploads\/2023\/12\/tianki-hinnasto-300x199.jpg 300w, https:\/\/tianki.fi\/wp-content\/uploads\/2023\/12\/tianki-hinnasto-768x509.jpg 768w\" sizes=\"auto, (max-width: 1024px) 100vw, 1024px\" \/><\/p>\n<\/div>\n<\/div>\n","protected":false},"excerpt":{"rendered":"<p>&nbsp; Shiatsu 120 min \u2013 80 \u20ac 60 min \u2013 50 \u20ac 30 min \u2013 35 \u20ac (lapset) &nbsp; Hartia\/p\u00e4\u00e4 + jalkakylpy 45 min \u2013 45 \u20ac &nbsp; Reiki 60 min \u2013 50 \u20ac &nbsp; Kosmeettinen gua sha 60 min \u2013 65 \u20ac &nbsp; Lis\u00e4palvelut Moksa (l\u00e4mp\u00f6hoito) \u2013 10 \u20ac Kuiva- tai liukukuppaus \u2013 10 [&hellip;]<\/p>\n","protected":false},"author":1,"featured_media":0,"parent":0,"menu_order":0,"comment_status":"closed","ping_status":"closed","template":"","meta":{"footnotes":""},"class_list":["post-1921","page","type-page","status-publish","hentry"],"acf":[],"yoast_head":"<!-- This site is optimized with the Yoast SEO plugin v26.9 - https:\/\/yoast.com\/product\/yoast-seo-wordpress\/ -->\n<title>Hinnasto - TianKi: shiatsu, gua sha &amp; reiki Kuhmoisissa<\/title>\n<meta name=\"description\" content=\"T\u00e4lle sivulle koottu hinnasto kertoo shiatsu-, gua sha - ja reiki-hoitojen hinnat hoitohuoneellani Kuhmoisissa.\" \/>\n<meta name=\"robots\" content=\"index, follow, max-snippet:-1, max-image-preview:large, max-video-preview:-1\" \/>\n<link rel=\"canonical\" href=\"https:\/\/tianki.fi\/index.php\/hinnasto\/\" \/>\n<meta property=\"og:locale\" content=\"en_GB\" \/>\n<meta property=\"og:type\" content=\"article\" \/>\n<meta property=\"og:title\" content=\"Hinnasto - TianKi: shiatsu, gua sha &amp; reiki Kuhmoisissa\" \/>\n<meta property=\"og:description\" content=\"T\u00e4lle sivulle koottu hinnasto kertoo shiatsu-, gua sha - ja reiki-hoitojen hinnat hoitohuoneellani Kuhmoisissa.\" \/>\n<meta property=\"og:url\" content=\"https:\/\/tianki.fi\/index.php\/hinnasto\/\" \/>\n<meta property=\"og:site_name\" content=\"Tianki\" \/>\n<meta property=\"article:modified_time\" content=\"2026-02-12T09:25:44+00:00\" \/>\n<meta property=\"og:image\" content=\"https:\/\/tianki.fi\/wp-content\/uploads\/2023\/12\/tianki-hinnasto.jpg\" \/>\n\t<meta property=\"og:image:width\" content=\"1024\" \/>\n\t<meta property=\"og:image:height\" content=\"679\" \/>\n\t<meta property=\"og:image:type\" content=\"image\/jpeg\" \/>\n<meta name=\"twitter:card\" content=\"summary_large_image\" \/>\n<meta name=\"twitter:label1\" content=\"Estimated reading time\" \/>\n\t<meta name=\"twitter:data1\" content=\"1 minute\" \/>\n<script type=\"application\/ld+json\" class=\"yoast-schema-graph\">{\"@context\":\"https:\/\/schema.org\",\"@graph\":[{\"@type\":\"WebPage\",\"@id\":\"https:\/\/tianki.fi\/index.php\/hinnasto\/\",\"url\":\"https:\/\/tianki.fi\/index.php\/hinnasto\/\",\"name\":\"Hinnasto - TianKi: shiatsu, gua sha & reiki Kuhmoisissa\",\"isPartOf\":{\"@id\":\"https:\/\/tianki.fi\/#website\"},\"primaryImageOfPage\":{\"@id\":\"https:\/\/tianki.fi\/index.php\/hinnasto\/#primaryimage\"},\"image\":{\"@id\":\"https:\/\/tianki.fi\/index.php\/hinnasto\/#primaryimage\"},\"thumbnailUrl\":\"http:\/\/tianki.fi\/wp-content\/uploads\/2023\/12\/tianki-hinnasto.jpg\",\"datePublished\":\"2016-10-03T11:46:43+00:00\",\"dateModified\":\"2026-02-12T09:25:44+00:00\",\"description\":\"T\u00e4lle sivulle koottu hinnasto kertoo shiatsu-, gua sha - ja reiki-hoitojen hinnat hoitohuoneellani Kuhmoisissa.\",\"breadcrumb\":{\"@id\":\"https:\/\/tianki.fi\/index.php\/hinnasto\/#breadcrumb\"},\"inLanguage\":\"en-GB\",\"potentialAction\":[{\"@type\":\"ReadAction\",\"target\":[\"https:\/\/tianki.fi\/index.php\/hinnasto\/\"]}]},{\"@type\":\"ImageObject\",\"inLanguage\":\"en-GB\",\"@id\":\"https:\/\/tianki.fi\/index.php\/hinnasto\/#primaryimage\",\"url\":\"http:\/\/tianki.fi\/wp-content\/uploads\/2023\/12\/tianki-hinnasto.jpg\",\"contentUrl\":\"http:\/\/tianki.fi\/wp-content\/uploads\/2023\/12\/tianki-hinnasto.jpg\"},{\"@type\":\"BreadcrumbList\",\"@id\":\"https:\/\/tianki.fi\/index.php\/hinnasto\/#breadcrumb\",\"itemListElement\":[{\"@type\":\"ListItem\",\"position\":1,\"name\":\"Home\",\"item\":\"https:\/\/tianki.fi\/\"},{\"@type\":\"ListItem\",\"position\":2,\"name\":\"hinnasto\"}]},{\"@type\":\"WebSite\",\"@id\":\"https:\/\/tianki.fi\/#website\",\"url\":\"https:\/\/tianki.fi\/\",\"name\":\"Tianki\",\"description\":\"Healing\",\"potentialAction\":[{\"@type\":\"SearchAction\",\"target\":{\"@type\":\"EntryPoint\",\"urlTemplate\":\"https:\/\/tianki.fi\/?s={search_term_string}\"},\"query-input\":{\"@type\":\"PropertyValueSpecification\",\"valueRequired\":true,\"valueName\":\"search_term_string\"}}],\"inLanguage\":\"en-GB\"}]}<\/script>\n<!-- \/ Yoast SEO plugin. -->","yoast_head_json":{"title":"Hinnasto - TianKi: shiatsu, gua sha & reiki Kuhmoisissa","description":"T\u00e4lle sivulle koottu hinnasto kertoo shiatsu-, gua sha - ja reiki-hoitojen hinnat hoitohuoneellani Kuhmoisissa.","robots":{"index":"index","follow":"follow","max-snippet":"max-snippet:-1","max-image-preview":"max-image-preview:large","max-video-preview":"max-video-preview:-1"},"canonical":"https:\/\/tianki.fi\/index.php\/hinnasto\/","og_locale":"en_GB","og_type":"article","og_title":"Hinnasto - TianKi: shiatsu, gua sha & reiki Kuhmoisissa","og_description":"T\u00e4lle sivulle koottu hinnasto kertoo shiatsu-, gua sha - ja reiki-hoitojen hinnat hoitohuoneellani Kuhmoisissa.","og_url":"https:\/\/tianki.fi\/index.php\/hinnasto\/","og_site_name":"Tianki","article_modified_time":"2026-02-12T09:25:44+00:00","og_image":[{"width":1024,"height":679,"url":"https:\/\/tianki.fi\/wp-content\/uploads\/2023\/12\/tianki-hinnasto.jpg","type":"image\/jpeg"}],"twitter_card":"summary_large_image","twitter_misc":{"Estimated reading time":"1 minute"},"schema":{"@context":"https:\/\/schema.org","@graph":[{"@type":"WebPage","@id":"https:\/\/tianki.fi\/index.php\/hinnasto\/","url":"https:\/\/tianki.fi\/index.php\/hinnasto\/","name":"Hinnasto - TianKi: shiatsu, gua sha & reiki Kuhmoisissa","isPartOf":{"@id":"https:\/\/tianki.fi\/#website"},"primaryImageOfPage":{"@id":"https:\/\/tianki.fi\/index.php\/hinnasto\/#primaryimage"},"image":{"@id":"https:\/\/tianki.fi\/index.php\/hinnasto\/#primaryimage"},"thumbnailUrl":"http:\/\/tianki.fi\/wp-content\/uploads\/2023\/12\/tianki-hinnasto.jpg","datePublished":"2016-10-03T11:46:43+00:00","dateModified":"2026-02-12T09:25:44+00:00","description":"T\u00e4lle sivulle koottu hinnasto kertoo shiatsu-, gua sha - ja reiki-hoitojen hinnat hoitohuoneellani Kuhmoisissa.","breadcrumb":{"@id":"https:\/\/tianki.fi\/index.php\/hinnasto\/#breadcrumb"},"inLanguage":"en-GB","potentialAction":[{"@type":"ReadAction","target":["https:\/\/tianki.fi\/index.php\/hinnasto\/"]}]},{"@type":"ImageObject","inLanguage":"en-GB","@id":"https:\/\/tianki.fi\/index.php\/hinnasto\/#primaryimage","url":"http:\/\/tianki.fi\/wp-content\/uploads\/2023\/12\/tianki-hinnasto.jpg","contentUrl":"http:\/\/tianki.fi\/wp-content\/uploads\/2023\/12\/tianki-hinnasto.jpg"},{"@type":"BreadcrumbList","@id":"https:\/\/tianki.fi\/index.php\/hinnasto\/#breadcrumb","itemListElement":[{"@type":"ListItem","position":1,"name":"Home","item":"https:\/\/tianki.fi\/"},{"@type":"ListItem","position":2,"name":"hinnasto"}]},{"@type":"WebSite","@id":"https:\/\/tianki.fi\/#website","url":"https:\/\/tianki.fi\/","name":"Tianki","description":"Healing","potentialAction":[{"@type":"SearchAction","target":{"@type":"EntryPoint","urlTemplate":"https:\/\/tianki.fi\/?s={search_term_string}"},"query-input":{"@type":"PropertyValueSpecification","valueRequired":true,"valueName":"search_term_string"}}],"inLanguage":"en-GB"}]}},"_links":{"self":[{"href":"https:\/\/tianki.fi\/index.php\/wp-json\/wp\/v2\/pages\/1921","targetHints":{"allow":["GET"]}}],"collection":[{"href":"https:\/\/tianki.fi\/index.php\/wp-json\/wp\/v2\/pages"}],"about":[{"href":"https:\/\/tianki.fi\/index.php\/wp-json\/wp\/v2\/types\/page"}],"author":[{"embeddable":true,"href":"https:\/\/tianki.fi\/index.php\/wp-json\/wp\/v2\/users\/1"}],"replies":[{"embeddable":true,"href":"https:\/\/tianki.fi\/index.php\/wp-json\/wp\/v2\/comments?post=1921"}],"version-history":[{"count":24,"href":"https:\/\/tianki.fi\/index.php\/wp-json\/wp\/v2\/pages\/1921\/revisions"}],"predecessor-version":[{"id":2960,"href":"https:\/\/tianki.fi\/index.php\/wp-json\/wp\/v2\/pages\/1921\/revisions\/2960"}],"wp:attachment":[{"href":"https:\/\/tianki.fi\/index.php\/wp-json\/wp\/v2\/media?parent=1921"}],"curies":[{"name":"wp","href":"https:\/\/api.w.org\/{rel}","templated":true}]}}