{"id":2309,"date":"2023-10-01T12:45:05","date_gmt":"2023-10-01T12:45:05","guid":{"rendered":"https:\/\/tianki.fi\/?page_id=2309"},"modified":"2026-02-12T10:56:58","modified_gmt":"2026-02-12T10:56:58","slug":"tianki","status":"publish","type":"page","link":"https:\/\/tianki.fi\/","title":{"rendered":"homepage"},"content":{"rendered":"<div class=\"grid kcm\">\n<div class=\"grid__item six-twelfths portable--auto lap--auto palm--auto top-no-padding bottom-no-padding center \" data-style=\"\">\n<h1 class=\"p1\" style=\"margin-bottom: 10px;\"><strong><span style=\"font-size: 17px;\"><span class=\"s1\">tasapainoa ja elinvoimaa hyvinvointisi tueksi<\/span><\/span><\/strong><\/h1>\n<h2 class=\"p1\"><span class=\"s1\">Ki (tai Qi) on energiaa, joka pit\u00e4\u00e4 maailman liikkeess\u00e4. Kun se virtaa meiss\u00e4 vapaasti, ihminen on terve. Siihen TianKi pyrkii.<\/span><\/h2>\n<p class=\"p1\"><span class=\"s1\">Olen shiatsuterapeutti ja luontaishoitaja Tia Leino, ja teht\u00e4v\u00e4ni hoitajana on tasapainottaa t\u00e4t\u00e4 energiaa, jotta sin\u00e4 voisit hyvin. <\/span><\/p>\n<p class=\"p1\"><span class=\"s1\">Olen erikoistunut aasialaisiin hoitomuotoihin, joiden historia ulottuu tuhansien vuosien p\u00e4\u00e4h\u00e4n, mutta joiden viisaus el\u00e4\u00e4 yh\u00e4. Niiss\u00e4 kaikissa ihminen katsotaan <strong>kehon, mielen ja sielun muodostamana kokonaisuutena.<\/strong><\/span><\/p>\n<\/div>\n<div class=\"grid__item one-whole portable--auto lap--auto palm--auto top-no-padding bottom-no-padding center \" data-style=\"\">\n<p><img loading=\"lazy\" decoding=\"async\" class=\"aligncenter wp-image-2641 size-full\" src=\"http:\/\/tianki.fi\/wp-content\/uploads\/2023\/10\/homepage-002.jpg\" alt=\"tianki healing taivas\" width=\"1024\" height=\"443\" srcset=\"https:\/\/tianki.fi\/wp-content\/uploads\/2023\/10\/homepage-002.jpg 1024w, https:\/\/tianki.fi\/wp-content\/uploads\/2023\/10\/homepage-002-300x130.jpg 300w, https:\/\/tianki.fi\/wp-content\/uploads\/2023\/10\/homepage-002-768x332.jpg 768w\" sizes=\"auto, (max-width: 1024px) 100vw, 1024px\" \/><\/p>\n<\/div>\n<div class=\"grid__item two-twelfths portable--auto lap--auto palm--auto top-no-padding bottom-no-padding \" data-style=\"\"><\/div>\n<div class=\"grid__item four-twelfths portable--auto lap--auto palm--auto top-no-padding bottom-no-padding \" data-style=\"\">\n<h2><span style=\"font-size: 17px; margin-bottom: 10px;\"><strong>shiatsu<\/strong><\/span><\/h2>\n<\/div>\n<div class=\"grid__item five-twelfths portable--auto lap--auto palm--auto top-no-padding bottom-no-padding \" data-style=\"\">\n<p class=\"p1\">Shiatsu on kiinalaiseen l\u00e4\u00e4ketieteeseen perustuva <strong>lempe\u00e4 ja kokonaisvaltainen kehohoito<\/strong>, joka tulee meille Japanista. Se pohjautuu akupainantaan sek\u00e4 samoihin ihmisen kehossa kulkeviin meridiaanikanaviin kuin akupunktio, ja siksi jotkut puhuvat \u201dakupunktiosta ilman neuloja\u201d.<\/p>\n<p class=\"p1\">Kivuton ja miellytt\u00e4v\u00e4 hoito tehd\u00e4\u00e4n sormilla tai k\u00e4mmenill\u00e4 painellen, ja tavoitteena on <strong>terveyden kohottaminen, yll\u00e4pito <\/strong>sek\u00e4<strong> h\u00e4iri\u00f6tilojen korjaaminen<\/strong>. Shiatsu onkin <strong>TianKin suosituin hoito<\/strong>.<\/p>\n<p class=\"p1\"><a href=\"https:\/\/tianki.fi\/index.php\/shiatsu\/\">Lue lis\u00e4\u00e4 shiatsusta<\/a><\/p>\n<p><a href=\"https:\/\/vello.fi\/tianki\/\" target=\"_blank\" rel=\"noopener style=\">Varaa aika t\u00e4st\u00e4<\/a><\/p>\n<\/div>\n<div class=\"grid__item one-whole portable--auto lap--auto palm--auto top-no-padding bottom-no-padding \" data-style=\"\">\n<p><img loading=\"lazy\" decoding=\"async\" class=\"aligncenter wp-image-2642 size-full\" src=\"http:\/\/tianki.fi\/wp-content\/uploads\/2023\/10\/tianki-shiatsu-08.jpg\" alt=\"tianki shiatsu hoidot\" width=\"1024\" height=\"681\" srcset=\"https:\/\/tianki.fi\/wp-content\/uploads\/2023\/10\/tianki-shiatsu-08.jpg 1024w, https:\/\/tianki.fi\/wp-content\/uploads\/2023\/10\/tianki-shiatsu-08-300x200.jpg 300w, https:\/\/tianki.fi\/wp-content\/uploads\/2023\/10\/tianki-shiatsu-08-768x511.jpg 768w\" sizes=\"auto, (max-width: 1024px) 100vw, 1024px\" \/><\/p>\n<\/div>\n<div class=\"grid__item three-twelfths portable--auto lap--auto palm--auto top-no-padding bottom-no-padding \" data-style=\"\"><\/div>\n<div class=\"grid__item six-twelfths portable--auto lap--auto palm--auto top-no-padding bottom-no-padding \" data-style=\"\">\n<h2 class=\"p1\" style=\"margin-bottom: 10px;\"><strong><span style=\"font-size: 17px;\"><span class=\"s1\">kosmeettinen gua sha<\/span><\/span><\/strong><\/h2>\n<p class=\"p1\"><span class=\"s1\">Gua sha on ikivanha kiinalaisen l\u00e4\u00e4ketieteen hoitomuoto, jota t\u00e4ss\u00e4 tapauksessa hy\u00f6dynnet\u00e4\u00e4n kasvoihin. <\/span><span class=\"s1\">Kosmeettisessa gua sha -hoidossa <strong>kasvojen, p\u00e4\u00e4n, dekolteen ja niskan aluetta k\u00e4sitell\u00e4\u00e4n hell\u00e4sti<\/strong> ruusukvartsista tai muusta luonnonkivest\u00e4 valmistettua lastaa tai rullaa k\u00e4ytt\u00e4en. <\/span><\/p>\n<p class=\"p1\"><span class=\"s1\">Se pist\u00e4\u00e4 <strong>veren kiert\u00e4m\u00e4\u00e4n<\/strong>, parantaa <strong>lymfakiertoa<\/strong> ja rentouttaa tehokkaasti, kun <strong>parasympaattinen hermosto aktivoituu<\/strong>. Tuloksena on tasaisempi ja kiinte\u00e4mpi iho, mutta ennen kaikkea se on syv\u00e4rentoutus, joka vaikuttaa sis\u00e4isesti p\u00e4\u00e4st\u00e4 varpaisiin.<\/span><\/p>\n<p>TianKi k\u00e4ytt\u00e4\u00e4 gua sha -hoidoissa jade-, ruusukvartsi- ja tiikerinsilm\u00e4kivi\u00e4 sek\u00e4 korkealaatuista luonnonkosmetiikkaa.<\/p>\n<p class=\"p1\"><a href=\"https:\/\/tianki.fi\/index.php\/kosmeettinen-gua-sha\/\">Lue lis\u00e4\u00e4 gua shasta<\/a><\/p>\n<p><a href=\"https:\/\/vello.fi\/tianki\/\" target=\"_blank\" rel=\"noopener\">Varaa aika t\u00e4st\u00e4<\/a><\/p>\n<\/div>\n<div class=\"grid__item six-twelfths portable--auto lap--auto palm--auto top-no-padding bottom-no-padding \" data-style=\"\">\n<p><img loading=\"lazy\" decoding=\"async\" class=\"alignnone size-full wp-image-2643\" src=\"http:\/\/tianki.fi\/wp-content\/uploads\/2023\/10\/tianki-kosmeettinen-guasha-08.jpg\" alt=\"tianki kosmeettinen guasha\" width=\"776\" height=\"1024\" srcset=\"https:\/\/tianki.fi\/wp-content\/uploads\/2023\/10\/tianki-kosmeettinen-guasha-08.jpg 776w, https:\/\/tianki.fi\/wp-content\/uploads\/2023\/10\/tianki-kosmeettinen-guasha-08-227x300.jpg 227w, https:\/\/tianki.fi\/wp-content\/uploads\/2023\/10\/tianki-kosmeettinen-guasha-08-768x1013.jpg 768w\" sizes=\"auto, (max-width: 776px) 100vw, 776px\" \/><\/p>\n<\/div>\n<div class=\"grid__item three-twelfths portable--auto lap--auto palm--auto top-no-padding bottom-no-padding \" data-style=\"\"><\/div>\n<div class=\"grid__item five-twelfths portable--auto lap--auto palm--auto top-no-padding bottom-no-padding \" data-style=\"\">\n<h2 class=\"p1\" style=\"margin-bottom: 10px;\"><strong><span style=\"font-size: 17px;\"><span class=\"s1\">reiki<\/span><\/span><\/strong><\/h2>\n<p class=\"p1\"><span class=\"s1\">Reiki on <strong>rentouttava ja voimauttava energiahoito<\/strong>, jonka juuret ovat Japanissa. <\/span><\/p>\n<p class=\"p1\"><span class=\"s1\">Reikiss\u00e4 ei tapahdu mink\u00e4\u00e4nlaista manipulaatiota, vaan hoitajan keho ja k\u00e4det toimivat kanavana reiki-energian ja hoidettavan v\u00e4lill\u00e4. <\/span><span class=\"s1\">TianKi -hoidoissa mukana on <strong>kevyt kosketus<\/strong>. <\/span><\/p>\n<p class=\"p1\"><span class=\"s1\">Reiki voi auttaa esimerkiksi erilaisiin <strong>kipuihin<\/strong>, <strong>stressiin<\/strong> ja <strong>unettomuuteen<\/strong>. Lis\u00e4ksi se toimii erinomaisesti <strong>muiden hoitojen tukena<\/strong>.<\/span><\/p>\n<p class=\"p1\"><a href=\"https:\/\/tianki.fi\/index.php\/reiki\/\">Lue lis\u00e4\u00e4 reikist\u00e4<\/a><\/p>\n<p><a href=\"https:\/\/vello.fi\/tianki\/\" target=\"_blank\" rel=\"noopener\">Varaa aika t\u00e4st\u00e4<\/a><\/p>\n<\/div>\n<div class=\"grid__item one-whole portable--auto lap--auto palm--auto top-no-padding bottom-no-padding \" data-style=\"\">\n<p><img loading=\"lazy\" decoding=\"async\" class=\"aligncenter wp-image-2644 size-full\" src=\"http:\/\/tianki.fi\/wp-content\/uploads\/2023\/10\/tianki-reiki-07.jpg\" alt=\"tianki reiki hoidot\" width=\"1024\" height=\"681\" srcset=\"https:\/\/tianki.fi\/wp-content\/uploads\/2023\/10\/tianki-reiki-07.jpg 1024w, https:\/\/tianki.fi\/wp-content\/uploads\/2023\/10\/tianki-reiki-07-300x200.jpg 300w, https:\/\/tianki.fi\/wp-content\/uploads\/2023\/10\/tianki-reiki-07-768x511.jpg 768w\" sizes=\"auto, (max-width: 1024px) 100vw, 1024px\" \/><\/p>\n<\/div>\n<div class=\"grid__item two-twelfths portable--auto lap--auto palm--auto top-no-padding bottom-no-padding \" data-style=\"\"><\/div>\n<div class=\"grid__item four-twelfths portable--auto lap--auto palm--auto top-no-padding bottom-no-padding \" data-style=\"\">\n<h2><span style=\"font-size: 17px; margin-bottom: 10px;\"><strong>jooga<\/strong><\/span><\/h2>\n<\/div>\n<div class=\"grid__item five-twelfths portable--auto lap--auto palm--auto top-no-padding bottom-no-padding \" data-style=\"\">\n<p class=\"p1\"><span class=\"s1\">Jooga juontaa juurensa Intiasta ja <strong>ayurvedasta<\/strong>, joka tarkoittaa kirjaimellisesti &#8220;el\u00e4m\u00e4n tiedett\u00e4&#8221;. Siin\u00e4 keho ja mieli yhdistyv\u00e4t.<\/span><\/p>\n<p class=\"p1\">Jooga on suosittua my\u00f6s l\u00e4nsimaissa, ja sit\u00e4 on moneen l\u00e4ht\u00f6\u00f6n. TianKin jooga on p\u00e4\u00e4asiassa kaikille soveltuvaa ja monipuolista <strong>hatha-joogaa<\/strong> tai hieman dynaamisempaa <strong>vinyasa-joogaa<\/strong>. Kaikki sessioni sis\u00e4lt\u00e4v\u00e4t my\u00f6s <strong>hengitysharjoituksia<\/strong> sek\u00e4 kunnon <strong>loppurentoutuksen<\/strong>.<\/p>\n<p class=\"p1\">Viikoittaisia joogatunteja pid\u00e4n t\u00e4ll\u00e4 hetkell\u00e4 Kuhmoisissa. Lis\u00e4ksi tarjoan joogael\u00e4myksi\u00e4 yrityksille sek\u00e4 yksityistunteja.<\/p>\n<p><a href=\"https:\/\/tianki.fi\/index.php\/ota-yhteytta\/\">Ota yhteytt\u00e4<\/a>, niin kerron lis\u00e4\u00e4 joogamahdollisuuksista!<\/p>\n<\/div>\n<div class=\"grid__item one-whole portable--auto lap--auto palm--auto top-no-padding bottom-no-padding \" data-style=\"\">\n<p><img loading=\"lazy\" decoding=\"async\" class=\"aligncenter size-full wp-image-2962\" src=\"http:\/\/tianki.fi\/wp-content\/uploads\/2026\/02\/tiankijooga.jpg\" alt=\"TianKi jooga\" width=\"1100\" height=\"510\" srcset=\"https:\/\/tianki.fi\/wp-content\/uploads\/2026\/02\/tiankijooga.jpg 1100w, https:\/\/tianki.fi\/wp-content\/uploads\/2026\/02\/tiankijooga-300x139.jpg 300w, https:\/\/tianki.fi\/wp-content\/uploads\/2026\/02\/tiankijooga-1024x475.jpg 1024w, https:\/\/tianki.fi\/wp-content\/uploads\/2026\/02\/tiankijooga-768x356.jpg 768w\" sizes=\"auto, (max-width: 1100px) 100vw, 1100px\" \/><\/p>\n<\/div>\n<div class=\"grid__item one-whole portable--auto lap--auto palm--auto top-no-padding bottom-no-padding \" data-style=\"\">\n<blockquote><p><strong>T\u00c4RKE\u00c4 HUOMIO:<\/strong> Kaikki luontaishoidon palveluni ovat t\u00e4ydent\u00e4vi\u00e4 hoitoja, eiv\u00e4tk\u00e4 ne korvaa l\u00e4\u00e4ketieteellist\u00e4 hoitoa.<\/p><\/blockquote>\n<\/div>\n<div class=\"grid__item three-twelfths portable--auto lap--auto palm--auto top-no-padding bottom-no-padding \" data-style=\"\">\n<h2><span class=\"s1\">Varaukset<\/span><\/h2>\n<\/div>\n<div class=\"grid__item six-twelfths portable--auto lap--auto palm--auto top-no-padding bottom-no-padding \" data-style=\"\">\n<p><a href=\"https:\/\/vello.fi\/tianki\/\" target=\"_blank\" rel=\"noopener\">Ajanvarauskalenteriin<\/a><\/p>\n<p><img loading=\"lazy\" decoding=\"async\" class=\"alignnone size-full wp-image-2566\" src=\"http:\/\/tianki.fi\/wp-content\/uploads\/2023\/10\/icons8-telephone-50.png\" alt=\"tianki icon phone\" width=\"25\" height=\"25\" \/>\u00a0 041 315 7737<\/p>\n<p><img loading=\"lazy\" decoding=\"async\" class=\"alignnone size-full wp-image-2564\" src=\"http:\/\/tianki.fi\/wp-content\/uploads\/2023\/10\/icons8-email-50.png\" alt=\"tianki icon email\" width=\"25\" height=\"25\" \/>\u00a0 info@tianki.fi<\/p>\n<p><img loading=\"lazy\" decoding=\"async\" class=\"alignnone size-full wp-image-2564\" src=\"http:\/\/tianki.fi\/wp-content\/uploads\/2024\/01\/icon-map.png\" alt=\"tianki icon email\" width=\"25\" height=\"25\" \/>\u00a0 Puistotie 4, Kuhmoinen<\/p>\n<p><img loading=\"lazy\" decoding=\"async\" class=\"alignnone size-full wp-image-2564\" src=\"http:\/\/tianki.fi\/wp-content\/uploads\/2024\/01\/icon-world.png\" alt=\"tianki icon email\" width=\"25\" height=\"25\" \/>\u00a0 Tia Leino Tmi, 3148076-4<\/p>\n<p class=\"p1\" style=\"text-align: left;\"><span class=\"s1\"> \u00a9 2026 Tian.Ki<\/span><\/p>\n<\/div>\n<\/div>\n","protected":false},"excerpt":{"rendered":"<p>tasapainoa ja elinvoimaa hyvinvointisi tueksi Ki (tai Qi) on energiaa, joka pit\u00e4\u00e4 maailman liikkeess\u00e4. Kun se virtaa meiss\u00e4 vapaasti, ihminen on terve. Siihen TianKi pyrkii. Olen shiatsuterapeutti ja luontaishoitaja Tia Leino, ja teht\u00e4v\u00e4ni hoitajana on tasapainottaa t\u00e4t\u00e4 energiaa, jotta sin\u00e4 voisit hyvin. Olen erikoistunut aasialaisiin hoitomuotoihin, joiden historia ulottuu tuhansien vuosien p\u00e4\u00e4h\u00e4n, mutta joiden viisaus [&hellip;]<\/p>\n","protected":false},"author":1,"featured_media":0,"parent":0,"menu_order":0,"comment_status":"closed","ping_status":"closed","template":"","meta":{"footnotes":""},"class_list":["post-2309","page","type-page","status-publish","hentry"],"acf":[],"yoast_head":"<!-- This site is optimized with the Yoast SEO plugin v26.9 - https:\/\/yoast.com\/product\/yoast-seo-wordpress\/ -->\n<title>Tasapainoista oloa TianKi-hoidoista: shiatsu, gua sha, reiki ja jooga<\/title>\n<meta name=\"description\" content=\"TianKi tarjoaa tasapainoa ja elinvoimaa hyvinvointisi tueksi. Shiatsu, kosmeettinen gua sha, reiki ja jooga auttavat yll\u00e4pit\u00e4m\u00e4\u00e4n terveytt\u00e4.\" \/>\n<meta name=\"robots\" content=\"index, follow, max-snippet:-1, max-image-preview:large, max-video-preview:-1\" \/>\n<link rel=\"canonical\" href=\"https:\/\/tianki.fi\/\" \/>\n<meta property=\"og:locale\" content=\"en_GB\" \/>\n<meta property=\"og:type\" content=\"article\" \/>\n<meta property=\"og:title\" content=\"Tasapainoista oloa TianKi-hoidoista: shiatsu, gua sha, reiki ja jooga\" \/>\n<meta property=\"og:description\" content=\"TianKi tarjoaa tasapainoa ja elinvoimaa hyvinvointisi tueksi. Shiatsu, kosmeettinen gua sha, reiki ja jooga auttavat yll\u00e4pit\u00e4m\u00e4\u00e4n terveytt\u00e4.\" \/>\n<meta property=\"og:url\" content=\"https:\/\/tianki.fi\/\" \/>\n<meta property=\"og:site_name\" content=\"Tianki\" \/>\n<meta property=\"article:modified_time\" content=\"2026-02-12T10:56:58+00:00\" \/>\n<meta property=\"og:image\" content=\"https:\/\/tianki.fi\/wp-content\/uploads\/2023\/10\/homepage-002.jpg\" \/>\n\t<meta property=\"og:image:width\" content=\"1024\" \/>\n\t<meta property=\"og:image:height\" content=\"443\" \/>\n\t<meta property=\"og:image:type\" content=\"image\/jpeg\" \/>\n<meta name=\"twitter:card\" content=\"summary_large_image\" \/>\n<meta name=\"twitter:label1\" content=\"Estimated reading time\" \/>\n\t<meta name=\"twitter:data1\" content=\"4 minutes\" \/>\n<script type=\"application\/ld+json\" class=\"yoast-schema-graph\">{\"@context\":\"https:\/\/schema.org\",\"@graph\":[{\"@type\":\"WebPage\",\"@id\":\"https:\/\/tianki.fi\/\",\"url\":\"https:\/\/tianki.fi\/\",\"name\":\"Tasapainoista oloa TianKi-hoidoista: shiatsu, gua sha, reiki ja jooga\",\"isPartOf\":{\"@id\":\"https:\/\/tianki.fi\/#website\"},\"primaryImageOfPage\":{\"@id\":\"https:\/\/tianki.fi\/#primaryimage\"},\"image\":{\"@id\":\"https:\/\/tianki.fi\/#primaryimage\"},\"thumbnailUrl\":\"http:\/\/tianki.fi\/wp-content\/uploads\/2023\/10\/homepage-002.jpg\",\"datePublished\":\"2023-10-01T12:45:05+00:00\",\"dateModified\":\"2026-02-12T10:56:58+00:00\",\"description\":\"TianKi tarjoaa tasapainoa ja elinvoimaa hyvinvointisi tueksi. Shiatsu, kosmeettinen gua sha, reiki ja jooga auttavat yll\u00e4pit\u00e4m\u00e4\u00e4n terveytt\u00e4.\",\"breadcrumb\":{\"@id\":\"https:\/\/tianki.fi\/#breadcrumb\"},\"inLanguage\":\"en-GB\",\"potentialAction\":[{\"@type\":\"ReadAction\",\"target\":[\"https:\/\/tianki.fi\/\"]}]},{\"@type\":\"ImageObject\",\"inLanguage\":\"en-GB\",\"@id\":\"https:\/\/tianki.fi\/#primaryimage\",\"url\":\"http:\/\/tianki.fi\/wp-content\/uploads\/2023\/10\/homepage-002.jpg\",\"contentUrl\":\"http:\/\/tianki.fi\/wp-content\/uploads\/2023\/10\/homepage-002.jpg\"},{\"@type\":\"BreadcrumbList\",\"@id\":\"https:\/\/tianki.fi\/#breadcrumb\",\"itemListElement\":[{\"@type\":\"ListItem\",\"position\":1,\"name\":\"Home\",\"item\":\"https:\/\/tianki.fi\/\"},{\"@type\":\"ListItem\",\"position\":2,\"name\":\"homepage\"}]},{\"@type\":\"WebSite\",\"@id\":\"https:\/\/tianki.fi\/#website\",\"url\":\"https:\/\/tianki.fi\/\",\"name\":\"Tianki\",\"description\":\"Healing\",\"potentialAction\":[{\"@type\":\"SearchAction\",\"target\":{\"@type\":\"EntryPoint\",\"urlTemplate\":\"https:\/\/tianki.fi\/?s={search_term_string}\"},\"query-input\":{\"@type\":\"PropertyValueSpecification\",\"valueRequired\":true,\"valueName\":\"search_term_string\"}}],\"inLanguage\":\"en-GB\"}]}<\/script>\n<!-- \/ Yoast SEO plugin. -->","yoast_head_json":{"title":"Tasapainoista oloa TianKi-hoidoista: shiatsu, gua sha, reiki ja jooga","description":"TianKi tarjoaa tasapainoa ja elinvoimaa hyvinvointisi tueksi. Shiatsu, kosmeettinen gua sha, reiki ja jooga auttavat yll\u00e4pit\u00e4m\u00e4\u00e4n terveytt\u00e4.","robots":{"index":"index","follow":"follow","max-snippet":"max-snippet:-1","max-image-preview":"max-image-preview:large","max-video-preview":"max-video-preview:-1"},"canonical":"https:\/\/tianki.fi\/","og_locale":"en_GB","og_type":"article","og_title":"Tasapainoista oloa TianKi-hoidoista: shiatsu, gua sha, reiki ja jooga","og_description":"TianKi tarjoaa tasapainoa ja elinvoimaa hyvinvointisi tueksi. Shiatsu, kosmeettinen gua sha, reiki ja jooga auttavat yll\u00e4pit\u00e4m\u00e4\u00e4n terveytt\u00e4.","og_url":"https:\/\/tianki.fi\/","og_site_name":"Tianki","article_modified_time":"2026-02-12T10:56:58+00:00","og_image":[{"width":1024,"height":443,"url":"https:\/\/tianki.fi\/wp-content\/uploads\/2023\/10\/homepage-002.jpg","type":"image\/jpeg"}],"twitter_card":"summary_large_image","twitter_misc":{"Estimated reading time":"4 minutes"},"schema":{"@context":"https:\/\/schema.org","@graph":[{"@type":"WebPage","@id":"https:\/\/tianki.fi\/","url":"https:\/\/tianki.fi\/","name":"Tasapainoista oloa TianKi-hoidoista: shiatsu, gua sha, reiki ja jooga","isPartOf":{"@id":"https:\/\/tianki.fi\/#website"},"primaryImageOfPage":{"@id":"https:\/\/tianki.fi\/#primaryimage"},"image":{"@id":"https:\/\/tianki.fi\/#primaryimage"},"thumbnailUrl":"http:\/\/tianki.fi\/wp-content\/uploads\/2023\/10\/homepage-002.jpg","datePublished":"2023-10-01T12:45:05+00:00","dateModified":"2026-02-12T10:56:58+00:00","description":"TianKi tarjoaa tasapainoa ja elinvoimaa hyvinvointisi tueksi. Shiatsu, kosmeettinen gua sha, reiki ja jooga auttavat yll\u00e4pit\u00e4m\u00e4\u00e4n terveytt\u00e4.","breadcrumb":{"@id":"https:\/\/tianki.fi\/#breadcrumb"},"inLanguage":"en-GB","potentialAction":[{"@type":"ReadAction","target":["https:\/\/tianki.fi\/"]}]},{"@type":"ImageObject","inLanguage":"en-GB","@id":"https:\/\/tianki.fi\/#primaryimage","url":"http:\/\/tianki.fi\/wp-content\/uploads\/2023\/10\/homepage-002.jpg","contentUrl":"http:\/\/tianki.fi\/wp-content\/uploads\/2023\/10\/homepage-002.jpg"},{"@type":"BreadcrumbList","@id":"https:\/\/tianki.fi\/#breadcrumb","itemListElement":[{"@type":"ListItem","position":1,"name":"Home","item":"https:\/\/tianki.fi\/"},{"@type":"ListItem","position":2,"name":"homepage"}]},{"@type":"WebSite","@id":"https:\/\/tianki.fi\/#website","url":"https:\/\/tianki.fi\/","name":"Tianki","description":"Healing","potentialAction":[{"@type":"SearchAction","target":{"@type":"EntryPoint","urlTemplate":"https:\/\/tianki.fi\/?s={search_term_string}"},"query-input":{"@type":"PropertyValueSpecification","valueRequired":true,"valueName":"search_term_string"}}],"inLanguage":"en-GB"}]}},"_links":{"self":[{"href":"https:\/\/tianki.fi\/index.php\/wp-json\/wp\/v2\/pages\/2309","targetHints":{"allow":["GET"]}}],"collection":[{"href":"https:\/\/tianki.fi\/index.php\/wp-json\/wp\/v2\/pages"}],"about":[{"href":"https:\/\/tianki.fi\/index.php\/wp-json\/wp\/v2\/types\/page"}],"author":[{"embeddable":true,"href":"https:\/\/tianki.fi\/index.php\/wp-json\/wp\/v2\/users\/1"}],"replies":[{"embeddable":true,"href":"https:\/\/tianki.fi\/index.php\/wp-json\/wp\/v2\/comments?post=2309"}],"version-history":[{"count":132,"href":"https:\/\/tianki.fi\/index.php\/wp-json\/wp\/v2\/pages\/2309\/revisions"}],"predecessor-version":[{"id":2963,"href":"https:\/\/tianki.fi\/index.php\/wp-json\/wp\/v2\/pages\/2309\/revisions\/2963"}],"wp:attachment":[{"href":"https:\/\/tianki.fi\/index.php\/wp-json\/wp\/v2\/media?parent=2309"}],"curies":[{"name":"wp","href":"https:\/\/api.w.org\/{rel}","templated":true}]}}