{"id":241,"date":"2016-04-12T12:38:11","date_gmt":"2016-04-12T12:38:11","guid":{"rendered":"https:\/\/calafate.demo-heythemers.com\/?page_id=241"},"modified":"2024-09-01T14:20:45","modified_gmt":"2024-09-01T14:20:45","slug":"ajanvaraus","status":"publish","type":"page","link":"https:\/\/tianki.fi\/index.php\/ajanvaraus\/","title":{"rendered":"ajanvaraus + kauppa"},"content":{"rendered":"<div class=\"grid kcm\">\n<div class=\"grid__item one-whole portable--auto lap--eight-twelfths palm--auto top-no-padding bottom-no-padding \" data-style=\"undefined\">\n<p style=\"text-align: center;\">K\u00e4yt\u00f6ss\u00e4ni on Vellon <strong>s\u00e4hk\u00f6inen ajanvaraus<\/strong>, joka n\u00e4kyy alla.<\/p>\n<p style=\"text-align: center;\">Aikoja voi kysell\u00e4 my\u00f6s soittamalla tai l\u00e4hett\u00e4m\u00e4ll\u00e4 viesti\u00e4:<\/p>\n<p style=\"text-align: center;\"><strong>Puh. 041 315 7737<\/strong> | info@tianki.fi<\/p>\n<p>&nbsp;<\/p>\n<p style=\"text-align: center;\">Digitaaliset <strong>lahjakortit ja sarjakortit<\/strong> l\u00f6yd\u00e4t <a href=\"https:\/\/vello.fi\/tianki\/kauppa\" target=\"_blank\" rel=\"noopener\">Vello-kaupasta<\/a>.<\/p>\n<p style=\"text-align: center;\">(Niit\u00e4 saa my\u00f6s suoraan hoitohuoneeltani)<\/p>\n<p>&nbsp;<\/p>\n<h2 style=\"text-align: center;\">Varaa aika<\/h2>\n<\/div>\n<div class=\"grid__item one-whole portable--auto lap--eight-twelfths palm--auto top-no-padding bottom-no-padding center \" data-style=\"undefined\">\n<p><script type=\"text\/javascript\" language=\"javascript\">(function(d,s,i,c,j,a){a=d.getElementsByTagName(s)[0];if(d.getElementById(i))return;j=d.createElement(s);j.id=i;j.async=1;j.setAttribute(\"data-c\",c);j.src=\"https:\/\/static.vello.fi\/js\/wizard\/vwiz.js\";a.parentNode.insertBefore(j,a);}(document,\"script\",\"vello-wizard-sdk\",\"tianki\"));<\/script><\/p>\n<div id=\"vello-wizard\"><\/div>\n<\/div>\n<div class=\"grid__item one-whole portable--auto lap--auto palm--auto top-no-padding bottom-no-padding \" data-style=\"\">\n<p style=\"text-align: center;\">Jos kalenteri ei jostakin syyst\u00e4 n\u00e4y tai avaudu, ajanvaraus aukeaa <a href=\"https:\/\/vello.fi\/tianki\/\" target=\"_blank\" rel=\"noopener\">klikkaamalla t\u00e4st\u00e4<\/a>.<\/p>\n<p>&nbsp;<\/p>\n<\/div>\n<div class=\"grid__item one-whole portable--auto lap--auto palm--auto top-no-padding bottom-no-padding \" data-style=\"\">\n<p><img loading=\"lazy\" decoding=\"async\" class=\"aligncenter size-full wp-image-2836\" src=\"http:\/\/tianki.fi\/wp-content\/uploads\/2023\/12\/tianki-ajanvaraus.jpg\" alt=\"tianki ajanvaraus\" width=\"1024\" height=\"683\" srcset=\"https:\/\/tianki.fi\/wp-content\/uploads\/2023\/12\/tianki-ajanvaraus.jpg 1024w, https:\/\/tianki.fi\/wp-content\/uploads\/2023\/12\/tianki-ajanvaraus-300x200.jpg 300w, https:\/\/tianki.fi\/wp-content\/uploads\/2023\/12\/tianki-ajanvaraus-768x512.jpg 768w\" sizes=\"auto, (max-width: 1024px) 100vw, 1024px\" \/><\/p>\n<\/div>\n<\/div>\n","protected":false},"excerpt":{"rendered":"<p>K\u00e4yt\u00f6ss\u00e4ni on Vellon s\u00e4hk\u00f6inen ajanvaraus, joka n\u00e4kyy alla. Aikoja voi kysell\u00e4 my\u00f6s soittamalla tai l\u00e4hett\u00e4m\u00e4ll\u00e4 viesti\u00e4: Puh. 041 315 7737 | info@tianki.fi &nbsp; Digitaaliset lahjakortit ja sarjakortit l\u00f6yd\u00e4t Vello-kaupasta. (Niit\u00e4 saa my\u00f6s suoraan hoitohuoneeltani) &nbsp; Varaa aika Jos kalenteri ei jostakin syyst\u00e4 n\u00e4y tai avaudu, ajanvaraus aukeaa klikkaamalla t\u00e4st\u00e4. &nbsp;<\/p>\n","protected":false},"author":1,"featured_media":0,"parent":0,"menu_order":0,"comment_status":"closed","ping_status":"closed","template":"","meta":{"footnotes":""},"class_list":["post-241","page","type-page","status-publish","hentry"],"acf":[],"yoast_head":"<!-- This site is optimized with the Yoast SEO plugin v26.9 - https:\/\/yoast.com\/product\/yoast-seo-wordpress\/ -->\n<title>Ajanvaraus + kauppa | Tian.Ki<\/title>\n<meta name=\"description\" content=\"Varaa aika shiatsu-, gua sha - tai reiki-hoitoon. Soita, l\u00e4het\u00e4 s\u00e4hk\u00f6postia tai digitaalinen ajanvaraus. Kaupasta lahja- ja sarjakortit!\" \/>\n<meta name=\"robots\" content=\"index, follow, max-snippet:-1, max-image-preview:large, max-video-preview:-1\" \/>\n<link rel=\"canonical\" href=\"https:\/\/tianki.fi\/index.php\/ajanvaraus\/\" \/>\n<meta property=\"og:locale\" content=\"en_GB\" \/>\n<meta property=\"og:type\" content=\"article\" \/>\n<meta property=\"og:title\" content=\"Ajanvaraus + kauppa | Tian.Ki\" \/>\n<meta property=\"og:description\" content=\"Varaa aika shiatsu-, gua sha - tai reiki-hoitoon. Soita, l\u00e4het\u00e4 s\u00e4hk\u00f6postia tai digitaalinen ajanvaraus. Kaupasta lahja- ja sarjakortit!\" \/>\n<meta property=\"og:url\" content=\"https:\/\/tianki.fi\/index.php\/ajanvaraus\/\" \/>\n<meta property=\"og:site_name\" content=\"Tianki\" \/>\n<meta property=\"article:modified_time\" content=\"2024-09-01T14:20:45+00:00\" \/>\n<meta property=\"og:image\" content=\"http:\/\/tianki.fi\/wp-content\/uploads\/2023\/12\/tianki-ajanvaraus.jpg\" \/>\n<meta name=\"twitter:card\" content=\"summary_large_image\" \/>\n<meta name=\"twitter:label1\" content=\"Estimated reading time\" \/>\n\t<meta name=\"twitter:data1\" content=\"1 minute\" \/>\n<script type=\"application\/ld+json\" class=\"yoast-schema-graph\">{\"@context\":\"https:\/\/schema.org\",\"@graph\":[{\"@type\":\"WebPage\",\"@id\":\"https:\/\/tianki.fi\/index.php\/ajanvaraus\/\",\"url\":\"https:\/\/tianki.fi\/index.php\/ajanvaraus\/\",\"name\":\"Ajanvaraus + kauppa | Tian.Ki\",\"isPartOf\":{\"@id\":\"https:\/\/tianki.fi\/#website\"},\"primaryImageOfPage\":{\"@id\":\"https:\/\/tianki.fi\/index.php\/ajanvaraus\/#primaryimage\"},\"image\":{\"@id\":\"https:\/\/tianki.fi\/index.php\/ajanvaraus\/#primaryimage\"},\"thumbnailUrl\":\"http:\/\/tianki.fi\/wp-content\/uploads\/2023\/12\/tianki-ajanvaraus.jpg\",\"datePublished\":\"2016-04-12T12:38:11+00:00\",\"dateModified\":\"2024-09-01T14:20:45+00:00\",\"description\":\"Varaa aika shiatsu-, gua sha - tai reiki-hoitoon. Soita, l\u00e4het\u00e4 s\u00e4hk\u00f6postia tai digitaalinen ajanvaraus. Kaupasta lahja- ja sarjakortit!\",\"breadcrumb\":{\"@id\":\"https:\/\/tianki.fi\/index.php\/ajanvaraus\/#breadcrumb\"},\"inLanguage\":\"en-GB\",\"potentialAction\":[{\"@type\":\"ReadAction\",\"target\":[\"https:\/\/tianki.fi\/index.php\/ajanvaraus\/\"]}]},{\"@type\":\"ImageObject\",\"inLanguage\":\"en-GB\",\"@id\":\"https:\/\/tianki.fi\/index.php\/ajanvaraus\/#primaryimage\",\"url\":\"http:\/\/tianki.fi\/wp-content\/uploads\/2023\/12\/tianki-ajanvaraus.jpg\",\"contentUrl\":\"http:\/\/tianki.fi\/wp-content\/uploads\/2023\/12\/tianki-ajanvaraus.jpg\"},{\"@type\":\"BreadcrumbList\",\"@id\":\"https:\/\/tianki.fi\/index.php\/ajanvaraus\/#breadcrumb\",\"itemListElement\":[{\"@type\":\"ListItem\",\"position\":1,\"name\":\"Home\",\"item\":\"https:\/\/tianki.fi\/\"},{\"@type\":\"ListItem\",\"position\":2,\"name\":\"ajanvaraus + kauppa\"}]},{\"@type\":\"WebSite\",\"@id\":\"https:\/\/tianki.fi\/#website\",\"url\":\"https:\/\/tianki.fi\/\",\"name\":\"Tianki\",\"description\":\"Healing\",\"potentialAction\":[{\"@type\":\"SearchAction\",\"target\":{\"@type\":\"EntryPoint\",\"urlTemplate\":\"https:\/\/tianki.fi\/?s={search_term_string}\"},\"query-input\":{\"@type\":\"PropertyValueSpecification\",\"valueRequired\":true,\"valueName\":\"search_term_string\"}}],\"inLanguage\":\"en-GB\"}]}<\/script>\n<!-- \/ Yoast SEO plugin. -->","yoast_head_json":{"title":"Ajanvaraus + kauppa | Tian.Ki","description":"Varaa aika shiatsu-, gua sha - tai reiki-hoitoon. Soita, l\u00e4het\u00e4 s\u00e4hk\u00f6postia tai digitaalinen ajanvaraus. Kaupasta lahja- ja sarjakortit!","robots":{"index":"index","follow":"follow","max-snippet":"max-snippet:-1","max-image-preview":"max-image-preview:large","max-video-preview":"max-video-preview:-1"},"canonical":"https:\/\/tianki.fi\/index.php\/ajanvaraus\/","og_locale":"en_GB","og_type":"article","og_title":"Ajanvaraus + kauppa | Tian.Ki","og_description":"Varaa aika shiatsu-, gua sha - tai reiki-hoitoon. Soita, l\u00e4het\u00e4 s\u00e4hk\u00f6postia tai digitaalinen ajanvaraus. Kaupasta lahja- ja sarjakortit!","og_url":"https:\/\/tianki.fi\/index.php\/ajanvaraus\/","og_site_name":"Tianki","article_modified_time":"2024-09-01T14:20:45+00:00","og_image":[{"url":"http:\/\/tianki.fi\/wp-content\/uploads\/2023\/12\/tianki-ajanvaraus.jpg","type":"","width":"","height":""}],"twitter_card":"summary_large_image","twitter_misc":{"Estimated reading time":"1 minute"},"schema":{"@context":"https:\/\/schema.org","@graph":[{"@type":"WebPage","@id":"https:\/\/tianki.fi\/index.php\/ajanvaraus\/","url":"https:\/\/tianki.fi\/index.php\/ajanvaraus\/","name":"Ajanvaraus + kauppa | Tian.Ki","isPartOf":{"@id":"https:\/\/tianki.fi\/#website"},"primaryImageOfPage":{"@id":"https:\/\/tianki.fi\/index.php\/ajanvaraus\/#primaryimage"},"image":{"@id":"https:\/\/tianki.fi\/index.php\/ajanvaraus\/#primaryimage"},"thumbnailUrl":"http:\/\/tianki.fi\/wp-content\/uploads\/2023\/12\/tianki-ajanvaraus.jpg","datePublished":"2016-04-12T12:38:11+00:00","dateModified":"2024-09-01T14:20:45+00:00","description":"Varaa aika shiatsu-, gua sha - tai reiki-hoitoon. Soita, l\u00e4het\u00e4 s\u00e4hk\u00f6postia tai digitaalinen ajanvaraus. Kaupasta lahja- ja sarjakortit!","breadcrumb":{"@id":"https:\/\/tianki.fi\/index.php\/ajanvaraus\/#breadcrumb"},"inLanguage":"en-GB","potentialAction":[{"@type":"ReadAction","target":["https:\/\/tianki.fi\/index.php\/ajanvaraus\/"]}]},{"@type":"ImageObject","inLanguage":"en-GB","@id":"https:\/\/tianki.fi\/index.php\/ajanvaraus\/#primaryimage","url":"http:\/\/tianki.fi\/wp-content\/uploads\/2023\/12\/tianki-ajanvaraus.jpg","contentUrl":"http:\/\/tianki.fi\/wp-content\/uploads\/2023\/12\/tianki-ajanvaraus.jpg"},{"@type":"BreadcrumbList","@id":"https:\/\/tianki.fi\/index.php\/ajanvaraus\/#breadcrumb","itemListElement":[{"@type":"ListItem","position":1,"name":"Home","item":"https:\/\/tianki.fi\/"},{"@type":"ListItem","position":2,"name":"ajanvaraus + kauppa"}]},{"@type":"WebSite","@id":"https:\/\/tianki.fi\/#website","url":"https:\/\/tianki.fi\/","name":"Tianki","description":"Healing","potentialAction":[{"@type":"SearchAction","target":{"@type":"EntryPoint","urlTemplate":"https:\/\/tianki.fi\/?s={search_term_string}"},"query-input":{"@type":"PropertyValueSpecification","valueRequired":true,"valueName":"search_term_string"}}],"inLanguage":"en-GB"}]}},"_links":{"self":[{"href":"https:\/\/tianki.fi\/index.php\/wp-json\/wp\/v2\/pages\/241","targetHints":{"allow":["GET"]}}],"collection":[{"href":"https:\/\/tianki.fi\/index.php\/wp-json\/wp\/v2\/pages"}],"about":[{"href":"https:\/\/tianki.fi\/index.php\/wp-json\/wp\/v2\/types\/page"}],"author":[{"embeddable":true,"href":"https:\/\/tianki.fi\/index.php\/wp-json\/wp\/v2\/users\/1"}],"replies":[{"embeddable":true,"href":"https:\/\/tianki.fi\/index.php\/wp-json\/wp\/v2\/comments?post=241"}],"version-history":[{"count":56,"href":"https:\/\/tianki.fi\/index.php\/wp-json\/wp\/v2\/pages\/241\/revisions"}],"predecessor-version":[{"id":2837,"href":"https:\/\/tianki.fi\/index.php\/wp-json\/wp\/v2\/pages\/241\/revisions\/2837"}],"wp:attachment":[{"href":"https:\/\/tianki.fi\/index.php\/wp-json\/wp\/v2\/media?parent=241"}],"curies":[{"name":"wp","href":"https:\/\/api.w.org\/{rel}","templated":true}]}}