{"id":245,"date":"2016-04-12T12:38:24","date_gmt":"2016-04-12T12:38:24","guid":{"rendered":"https:\/\/calafate.demo-heythemers.com\/?page_id=245"},"modified":"2023-11-20T09:08:49","modified_gmt":"2023-11-20T09:08:49","slug":"ota-yhteytta","status":"publish","type":"page","link":"https:\/\/tianki.fi\/index.php\/ota-yhteytta\/","title":{"rendered":"ota yhteytt\u00e4"},"content":{"rendered":"<div class=\"grid kcm\">\n<div class=\"grid__item three-twelfths portable--auto lap--auto palm--auto top-no-padding bottom-no-padding \" data-style=\"undefined\"><\/div>\n<div class=\"grid__item five-twelfths portable--auto lap--auto palm--auto top-no-padding bottom-no-padding center  \" data-style=\"undefined\">\n<h4 class=\"p1\" style=\"margin-bottom: 10px;\"><strong><span class=\"s1\" style=\"color: #f25100;\">Ota yhteytt\u00e4<\/span><\/strong><\/h4>\n<p>Puhelin:<strong> 041 315 7737<\/strong><\/p>\n<p>Email:\u00a0info@tianki.fi<\/p>\n<p>&nbsp;<\/p>\n<p><strong>Hoitohuoneen osoite: <\/strong><\/p>\n<p>Puistotie 4A1<\/p>\n<p>17800 Kuhmoinen<\/p>\n<p><em>Kotik\u00e4ynnit l\u00e4hialueille ovat my\u00f6s mahdollisia.<\/em><\/p>\n<p>&nbsp;<\/p>\n<p>Varaa aika <a href=\"https:\/\/tianki.fi\/index.php\/ajanvaraus\/\">t\u00e4st\u00e4<\/a><\/p>\n<p>&nbsp;<\/p>\n<p><strong>Instagram:<\/strong><\/p>\n<p><a href=\"https:\/\/www.instagram.com\/tianki_healing\/\">tianki_healing<\/a><\/p>\n<p><strong>Facebook:<\/strong><\/p>\n<p><a href=\"https:\/\/www.facebook.com\/HoitolaTianKi\/\">Hoitola TianKi<\/a><\/p>\n<p>&nbsp;<\/p>\n<p>&nbsp;<\/p>\n<p>&nbsp;<\/p>\n<p>&nbsp;<\/p>\n<p>&nbsp;<\/p>\n<\/div>\n<div class=\"grid__item six-twelfths portable--auto lap--auto palm--auto top-no-padding bottom-no-padding \" data-style=\"\">\n<p><img loading=\"lazy\" decoding=\"async\" class=\"size-full wp-image-2808\" src=\"http:\/\/tianki.fi\/wp-content\/uploads\/2023\/11\/1FBE8818-CC5B-410A-883D-921CC7F59487.jpg\" alt=\"tianki hoitohuone kuhmoinen ota yhteytt\u00e4\" width=\"1024\" height=\"1024\" srcset=\"https:\/\/tianki.fi\/wp-content\/uploads\/2023\/11\/1FBE8818-CC5B-410A-883D-921CC7F59487.jpg 1024w, https:\/\/tianki.fi\/wp-content\/uploads\/2023\/11\/1FBE8818-CC5B-410A-883D-921CC7F59487-300x300.jpg 300w, https:\/\/tianki.fi\/wp-content\/uploads\/2023\/11\/1FBE8818-CC5B-410A-883D-921CC7F59487-150x150.jpg 150w, https:\/\/tianki.fi\/wp-content\/uploads\/2023\/11\/1FBE8818-CC5B-410A-883D-921CC7F59487-768x768.jpg 768w\" sizes=\"auto, (max-width: 1024px) 100vw, 1024px\" \/><\/p>\n<\/div>\n<div class=\"grid__item five-twelfths portable--auto lap--auto palm--auto top-no-padding bottom-no-padding \" data-style=\"\">\n<p><img loading=\"lazy\" decoding=\"async\" class=\"size-full wp-image-2809\" src=\"http:\/\/tianki.fi\/wp-content\/uploads\/2023\/11\/albumtemp-1.jpg\" alt=\"tianki hoitola kuhmoinen\" width=\"1024\" height=\"1024\" srcset=\"https:\/\/tianki.fi\/wp-content\/uploads\/2023\/11\/albumtemp-1.jpg 1024w, https:\/\/tianki.fi\/wp-content\/uploads\/2023\/11\/albumtemp-1-300x300.jpg 300w, https:\/\/tianki.fi\/wp-content\/uploads\/2023\/11\/albumtemp-1-150x150.jpg 150w, https:\/\/tianki.fi\/wp-content\/uploads\/2023\/11\/albumtemp-1-768x768.jpg 768w\" sizes=\"auto, (max-width: 1024px) 100vw, 1024px\" \/><\/p>\n<\/div>\n<\/div>\n","protected":false},"excerpt":{"rendered":"<p>Ota yhteytt\u00e4 Puhelin: 041 315 7737 Email:\u00a0info@tianki.fi &nbsp; Hoitohuoneen osoite: Puistotie 4A1 17800 Kuhmoinen Kotik\u00e4ynnit l\u00e4hialueille ovat my\u00f6s mahdollisia. &nbsp; Varaa aika t\u00e4st\u00e4 &nbsp; Instagram: tianki_healing Facebook: Hoitola TianKi &nbsp; &nbsp; &nbsp; &nbsp; &nbsp;<\/p>\n","protected":false},"author":1,"featured_media":0,"parent":0,"menu_order":0,"comment_status":"closed","ping_status":"closed","template":"template-contact.php","meta":{"footnotes":""},"class_list":["post-245","page","type-page","status-publish","hentry"],"acf":[],"yoast_head":"<!-- This site is optimized with the Yoast SEO plugin v26.9 - https:\/\/yoast.com\/product\/yoast-seo-wordpress\/ -->\n<title>Hoitola Tian.Ki \u2013 Ota yhteytt\u00e4 ja varaa aika | tianki.fi<\/title>\n<meta name=\"description\" content=\"Hoitola Tian.Ki yhteystiedot \u2013 Varaa aika tai ota muuten vain yhteytt\u00e4. Soita, l\u00e4het\u00e4 s\u00e4hk\u00f6postia tai seurata somessa. Shiatsu Kuhmoinen.\" \/>\n<meta name=\"robots\" content=\"index, follow, max-snippet:-1, max-image-preview:large, max-video-preview:-1\" \/>\n<link rel=\"canonical\" href=\"https:\/\/tianki.fi\/index.php\/ota-yhteytta\/\" \/>\n<meta property=\"og:locale\" content=\"en_GB\" \/>\n<meta property=\"og:type\" content=\"article\" \/>\n<meta property=\"og:title\" content=\"Hoitola Tian.Ki \u2013 Ota yhteytt\u00e4 ja varaa aika | tianki.fi\" \/>\n<meta property=\"og:description\" content=\"Hoitola Tian.Ki yhteystiedot \u2013 Varaa aika tai ota muuten vain yhteytt\u00e4. Soita, l\u00e4het\u00e4 s\u00e4hk\u00f6postia tai seurata somessa. Shiatsu Kuhmoinen.\" \/>\n<meta property=\"og:url\" content=\"https:\/\/tianki.fi\/index.php\/ota-yhteytta\/\" \/>\n<meta property=\"og:site_name\" content=\"Tianki\" \/>\n<meta property=\"article:modified_time\" content=\"2023-11-20T09:08:49+00:00\" \/>\n<meta property=\"og:image\" content=\"http:\/\/tianki.fi\/wp-content\/uploads\/2023\/11\/1FBE8818-CC5B-410A-883D-921CC7F59487.jpg\" \/>\n<meta name=\"twitter:card\" content=\"summary_large_image\" \/>\n<meta name=\"twitter:label1\" content=\"Estimated reading time\" \/>\n\t<meta name=\"twitter:data1\" content=\"1 minute\" \/>\n<script type=\"application\/ld+json\" class=\"yoast-schema-graph\">{\"@context\":\"https:\/\/schema.org\",\"@graph\":[{\"@type\":\"WebPage\",\"@id\":\"https:\/\/tianki.fi\/index.php\/ota-yhteytta\/\",\"url\":\"https:\/\/tianki.fi\/index.php\/ota-yhteytta\/\",\"name\":\"Hoitola Tian.Ki \u2013 Ota yhteytt\u00e4 ja varaa aika | tianki.fi\",\"isPartOf\":{\"@id\":\"https:\/\/tianki.fi\/#website\"},\"primaryImageOfPage\":{\"@id\":\"https:\/\/tianki.fi\/index.php\/ota-yhteytta\/#primaryimage\"},\"image\":{\"@id\":\"https:\/\/tianki.fi\/index.php\/ota-yhteytta\/#primaryimage\"},\"thumbnailUrl\":\"http:\/\/tianki.fi\/wp-content\/uploads\/2023\/11\/1FBE8818-CC5B-410A-883D-921CC7F59487.jpg\",\"datePublished\":\"2016-04-12T12:38:24+00:00\",\"dateModified\":\"2023-11-20T09:08:49+00:00\",\"description\":\"Hoitola Tian.Ki yhteystiedot \u2013 Varaa aika tai ota muuten vain yhteytt\u00e4. Soita, l\u00e4het\u00e4 s\u00e4hk\u00f6postia tai seurata somessa. Shiatsu Kuhmoinen.\",\"breadcrumb\":{\"@id\":\"https:\/\/tianki.fi\/index.php\/ota-yhteytta\/#breadcrumb\"},\"inLanguage\":\"en-GB\",\"potentialAction\":[{\"@type\":\"ReadAction\",\"target\":[\"https:\/\/tianki.fi\/index.php\/ota-yhteytta\/\"]}]},{\"@type\":\"ImageObject\",\"inLanguage\":\"en-GB\",\"@id\":\"https:\/\/tianki.fi\/index.php\/ota-yhteytta\/#primaryimage\",\"url\":\"http:\/\/tianki.fi\/wp-content\/uploads\/2023\/11\/1FBE8818-CC5B-410A-883D-921CC7F59487.jpg\",\"contentUrl\":\"http:\/\/tianki.fi\/wp-content\/uploads\/2023\/11\/1FBE8818-CC5B-410A-883D-921CC7F59487.jpg\"},{\"@type\":\"BreadcrumbList\",\"@id\":\"https:\/\/tianki.fi\/index.php\/ota-yhteytta\/#breadcrumb\",\"itemListElement\":[{\"@type\":\"ListItem\",\"position\":1,\"name\":\"Home\",\"item\":\"https:\/\/tianki.fi\/\"},{\"@type\":\"ListItem\",\"position\":2,\"name\":\"ota yhteytt\u00e4\"}]},{\"@type\":\"WebSite\",\"@id\":\"https:\/\/tianki.fi\/#website\",\"url\":\"https:\/\/tianki.fi\/\",\"name\":\"Tianki\",\"description\":\"Healing\",\"potentialAction\":[{\"@type\":\"SearchAction\",\"target\":{\"@type\":\"EntryPoint\",\"urlTemplate\":\"https:\/\/tianki.fi\/?s={search_term_string}\"},\"query-input\":{\"@type\":\"PropertyValueSpecification\",\"valueRequired\":true,\"valueName\":\"search_term_string\"}}],\"inLanguage\":\"en-GB\"}]}<\/script>\n<!-- \/ Yoast SEO plugin. -->","yoast_head_json":{"title":"Hoitola Tian.Ki \u2013 Ota yhteytt\u00e4 ja varaa aika | tianki.fi","description":"Hoitola Tian.Ki yhteystiedot \u2013 Varaa aika tai ota muuten vain yhteytt\u00e4. Soita, l\u00e4het\u00e4 s\u00e4hk\u00f6postia tai seurata somessa. Shiatsu Kuhmoinen.","robots":{"index":"index","follow":"follow","max-snippet":"max-snippet:-1","max-image-preview":"max-image-preview:large","max-video-preview":"max-video-preview:-1"},"canonical":"https:\/\/tianki.fi\/index.php\/ota-yhteytta\/","og_locale":"en_GB","og_type":"article","og_title":"Hoitola Tian.Ki \u2013 Ota yhteytt\u00e4 ja varaa aika | tianki.fi","og_description":"Hoitola Tian.Ki yhteystiedot \u2013 Varaa aika tai ota muuten vain yhteytt\u00e4. Soita, l\u00e4het\u00e4 s\u00e4hk\u00f6postia tai seurata somessa. Shiatsu Kuhmoinen.","og_url":"https:\/\/tianki.fi\/index.php\/ota-yhteytta\/","og_site_name":"Tianki","article_modified_time":"2023-11-20T09:08:49+00:00","og_image":[{"url":"http:\/\/tianki.fi\/wp-content\/uploads\/2023\/11\/1FBE8818-CC5B-410A-883D-921CC7F59487.jpg","type":"","width":"","height":""}],"twitter_card":"summary_large_image","twitter_misc":{"Estimated reading time":"1 minute"},"schema":{"@context":"https:\/\/schema.org","@graph":[{"@type":"WebPage","@id":"https:\/\/tianki.fi\/index.php\/ota-yhteytta\/","url":"https:\/\/tianki.fi\/index.php\/ota-yhteytta\/","name":"Hoitola Tian.Ki \u2013 Ota yhteytt\u00e4 ja varaa aika | tianki.fi","isPartOf":{"@id":"https:\/\/tianki.fi\/#website"},"primaryImageOfPage":{"@id":"https:\/\/tianki.fi\/index.php\/ota-yhteytta\/#primaryimage"},"image":{"@id":"https:\/\/tianki.fi\/index.php\/ota-yhteytta\/#primaryimage"},"thumbnailUrl":"http:\/\/tianki.fi\/wp-content\/uploads\/2023\/11\/1FBE8818-CC5B-410A-883D-921CC7F59487.jpg","datePublished":"2016-04-12T12:38:24+00:00","dateModified":"2023-11-20T09:08:49+00:00","description":"Hoitola Tian.Ki yhteystiedot \u2013 Varaa aika tai ota muuten vain yhteytt\u00e4. Soita, l\u00e4het\u00e4 s\u00e4hk\u00f6postia tai seurata somessa. Shiatsu Kuhmoinen.","breadcrumb":{"@id":"https:\/\/tianki.fi\/index.php\/ota-yhteytta\/#breadcrumb"},"inLanguage":"en-GB","potentialAction":[{"@type":"ReadAction","target":["https:\/\/tianki.fi\/index.php\/ota-yhteytta\/"]}]},{"@type":"ImageObject","inLanguage":"en-GB","@id":"https:\/\/tianki.fi\/index.php\/ota-yhteytta\/#primaryimage","url":"http:\/\/tianki.fi\/wp-content\/uploads\/2023\/11\/1FBE8818-CC5B-410A-883D-921CC7F59487.jpg","contentUrl":"http:\/\/tianki.fi\/wp-content\/uploads\/2023\/11\/1FBE8818-CC5B-410A-883D-921CC7F59487.jpg"},{"@type":"BreadcrumbList","@id":"https:\/\/tianki.fi\/index.php\/ota-yhteytta\/#breadcrumb","itemListElement":[{"@type":"ListItem","position":1,"name":"Home","item":"https:\/\/tianki.fi\/"},{"@type":"ListItem","position":2,"name":"ota yhteytt\u00e4"}]},{"@type":"WebSite","@id":"https:\/\/tianki.fi\/#website","url":"https:\/\/tianki.fi\/","name":"Tianki","description":"Healing","potentialAction":[{"@type":"SearchAction","target":{"@type":"EntryPoint","urlTemplate":"https:\/\/tianki.fi\/?s={search_term_string}"},"query-input":{"@type":"PropertyValueSpecification","valueRequired":true,"valueName":"search_term_string"}}],"inLanguage":"en-GB"}]}},"_links":{"self":[{"href":"https:\/\/tianki.fi\/index.php\/wp-json\/wp\/v2\/pages\/245","targetHints":{"allow":["GET"]}}],"collection":[{"href":"https:\/\/tianki.fi\/index.php\/wp-json\/wp\/v2\/pages"}],"about":[{"href":"https:\/\/tianki.fi\/index.php\/wp-json\/wp\/v2\/types\/page"}],"author":[{"embeddable":true,"href":"https:\/\/tianki.fi\/index.php\/wp-json\/wp\/v2\/users\/1"}],"replies":[{"embeddable":true,"href":"https:\/\/tianki.fi\/index.php\/wp-json\/wp\/v2\/comments?post=245"}],"version-history":[{"count":45,"href":"https:\/\/tianki.fi\/index.php\/wp-json\/wp\/v2\/pages\/245\/revisions"}],"predecessor-version":[{"id":2813,"href":"https:\/\/tianki.fi\/index.php\/wp-json\/wp\/v2\/pages\/245\/revisions\/2813"}],"wp:attachment":[{"href":"https:\/\/tianki.fi\/index.php\/wp-json\/wp\/v2\/media?parent=245"}],"curies":[{"name":"wp","href":"https:\/\/api.w.org\/{rel}","templated":true}]}}