{"id":2450,"date":"2023-10-04T19:10:09","date_gmt":"2023-10-04T19:10:09","guid":{"rendered":"https:\/\/tianki.fi\/?page_id=2450"},"modified":"2026-02-08T12:04:02","modified_gmt":"2026-02-08T12:04:02","slug":"reiki","status":"publish","type":"page","link":"https:\/\/tianki.fi\/index.php\/reiki\/","title":{"rendered":"reiki"},"content":{"rendered":"<div class=\"grid kcm\">\n<div class=\"grid__item six-twelfths portable--auto lap--auto palm--auto top-no-padding bottom-no-padding center \" data-style=\"\">\n<h2 class=\"p1\"><span class=\"s1\">Reiki (\u970a\u6c17) on japanilainen luontaishoitomenetelm\u00e4, ja se tulee sanoista rei (universaali) ja ki (el\u00e4m\u00e4nergia). Se on rentouttava ja voimauttava energiahoito, jossa ei tapahdu mink\u00e4\u00e4nlaista manipulaatiota, vaan hoitajan keho ja k\u00e4det toimivat kanavana reiki-energian \u2013 el\u00e4m\u00e4nvoiman \u2013 ja hoidettavan v\u00e4lill\u00e4. <\/span><\/h2>\n<p class=\"p1\"><span class=\"s1\">Harjoittamani reiki-hoito perustuu <a href=\"https:\/\/fi.wikipedia.org\/wiki\/Mikao_Usui\" target=\"_blank\" rel=\"noopener\"><strong>Mikao Usuin<\/strong><\/a> menetelm\u00e4\u00e4n, joka on yksi maailman tunnetuimmista alallaan. Sen juuret ulottuvat 1920-luvulle, ja siihen kuuluu kevyt kosketus hoitajan ja hoidettavan v\u00e4lill\u00e4. <\/span><\/p>\n<\/div>\n<div class=\"grid__item six-twelfths portable--auto lap--auto palm--auto top-no-padding bottom-no-padding \" data-style=\"\">\n<p><img loading=\"lazy\" decoding=\"async\" class=\"size-full wp-image-2518 aligncenter\" src=\"http:\/\/tianki.fi\/wp-content\/uploads\/2023\/10\/tianki-reiki-04.jpg\" alt=\"tianki reiki\" width=\"1024\" height=\"681\" srcset=\"https:\/\/tianki.fi\/wp-content\/uploads\/2023\/10\/tianki-reiki-04.jpg 1024w, https:\/\/tianki.fi\/wp-content\/uploads\/2023\/10\/tianki-reiki-04-300x200.jpg 300w, https:\/\/tianki.fi\/wp-content\/uploads\/2023\/10\/tianki-reiki-04-768x511.jpg 768w\" sizes=\"auto, (max-width: 1024px) 100vw, 1024px\" \/><\/p>\n<\/div>\n<div class=\"grid__item six-twelfths portable--auto lap--auto palm--auto top-no-padding bottom-no-padding \" data-style=\"\"><\/div>\n<div class=\"grid__item six-twelfths portable--auto lap--auto palm--auto top-no-padding bottom-no-padding \" data-style=\"\">\n<h2 class=\"p1\"><span class=\"s1\">Mihin reiki-hoito perustuu?<\/span><\/h2>\n<\/div>\n<div class=\"grid__item three-twelfths portable--auto lap--auto palm--auto top-no-padding bottom-no-padding \" data-style=\"\"><\/div>\n<div class=\"grid__item eight-twelfths portable--auto lap--auto palm--auto top-no-padding bottom-no-padding \" data-style=\"\">\n<p class=\"p1\"><span class=\"s1\">Reikin periaate on yksinkertainen \u2013 se pohjautuu maailmaa yll\u00e4pit\u00e4m\u00e4\u00e4n voimaan, el\u00e4m\u00e4nenergiaan. Reiki on hyv\u00e4\u00e4, valovoimaista energiaa keholle ja mielelle. Jokaisella meist\u00e4 on kyky k\u00e4ytt\u00e4\u00e4 t\u00e4t\u00e4 energiaa hyv\u00e4kseen jo ihan luonnostaan, mutta reiki-hoidossa se kanavoidaan hoitajan v\u00e4lityksell\u00e4 juuri sinulle, jolloin sen teho vahvistuu. <\/span><\/p>\n<p class=\"p1\"><strong><span class=\"s1\">Reiki-energia kulkee luonnostaan sinne, miss\u00e4 kehosi sit\u00e4 eniten tarvitsee, ja juuri se tekee t\u00e4st\u00e4 lempe\u00e4st\u00e4 hoitomuodosta niin taianomaisen. <\/span><\/strong><\/p>\n<p class=\"p1\"><span class=\"s1\">Itse asiassa koko hoidon kauneus perustuu juuri t\u00e4h\u00e4n yksinkertaisuuteen.<\/span><\/p>\n<\/div>\n<div class=\"grid__item one-whole portable--auto lap--auto palm--auto top-no-padding bottom-no-padding center \" data-style=\"\">\n<p><img loading=\"lazy\" decoding=\"async\" class=\"size-full wp-image-2519 aligncenter\" src=\"http:\/\/tianki.fi\/wp-content\/uploads\/2023\/10\/tianki-reiki-05.jpg\" alt=\"tianki reiki\" width=\"1024\" height=\"681\" srcset=\"https:\/\/tianki.fi\/wp-content\/uploads\/2023\/10\/tianki-reiki-05.jpg 1024w, https:\/\/tianki.fi\/wp-content\/uploads\/2023\/10\/tianki-reiki-05-300x200.jpg 300w, https:\/\/tianki.fi\/wp-content\/uploads\/2023\/10\/tianki-reiki-05-768x511.jpg 768w\" sizes=\"auto, (max-width: 1024px) 100vw, 1024px\" \/><\/p>\n<\/div>\n<div class=\"grid__item six-twelfths portable--auto lap--auto palm--auto top-no-padding bottom-no-padding center \" data-style=\"\">\n<h2 class=\"p1\"><span class=\"s1\">Miksi valita hoitomuodoksi reiki?<\/span><\/h2>\n<\/div>\n<div class=\"grid__item six-twelfths portable--auto lap--auto palm--auto top-no-padding bottom-no-padding center \" data-style=\"\">\n<p class=\"p1\"><span class=\"s1\">Reiki-hoitoa voidaan k\u00e4ytt\u00e4\u00e4 muun muassa <strong>erilaisiin kiputiloihin sek\u00e4 stressiin, uupumukseen ja unettomuuteen<\/strong>. Se antaa elinvoimaa ja voi auttaa laukaisemaan kehon j\u00e4nnitystiloja, tarvittaessa se rauhoittaa ja vie kehon sek\u00e4 mielen lepotilaan. <\/span><\/p>\n<p class=\"p1\"><span class=\"s1\">Hoidolla pystyt\u00e4\u00e4n avaamaan mahdollisia kehossa olevia energialukkoja, jotka ovat usein eri sairauksien juurisyit\u00e4. Kun pid\u00e4mme energiakanavamme auki, el\u00e4m\u00e4nvoima virtaa meiss\u00e4 ja voimme hyvin. Reiki toimii erinomaisesti my\u00f6s muiden hoitojen, kuten <a href=\"https:\/\/tianki.fi\/index.php\/shiatsu\/\">shiatsun<\/a>, tukena.<\/span><\/p>\n<p><a href=\"https:\/\/vello.fi\/tianki\/\" target=\"_blank\" rel=\"noopener\">Varaa hoito t\u00e4st\u00e4<\/a><\/p>\n<\/div>\n<div class=\"grid__item six-twelfths portable--auto lap--auto palm--auto top-no-padding bottom-no-padding center \" data-style=\"\">\n<h2 class=\"p1\"><span class=\"s1\">Reiki-hoito voi muun muassa\u2026<\/span><\/h2>\n<\/div>\n<div class=\"grid__item six-twelfths portable--auto lap--auto palm--auto top-no-padding bottom-no-padding center \" data-style=\"\">\n<p class=\"p1\"><span class=\"s1\">\u00b7 rauhoittaa<br \/>\n\u00b7 rentouttaa<br \/>\n\u00b7 elvytt\u00e4\u00e4<br \/>\n\u00b7 virkist\u00e4\u00e4<\/span><\/p>\n<\/div>\n<div class=\"grid__item six-twelfths portable--auto lap--auto palm--auto top-no-padding bottom-no-padding center \" data-style=\"\">\n<h2 class=\"p1\"><span class=\"s1\">Miten reiki-hoito tapahtuu?<\/span><\/h2>\n<\/div>\n<div class=\"grid__item six-twelfths portable--auto lap--auto palm--auto top-no-padding bottom-no-padding center \" data-style=\"\">\n<p class=\"p1\"><span class=\"s1\">Reiki-hoito tehd\u00e4\u00e4n hoitop\u00f6yd\u00e4ll\u00e4 mukavantuntuiset vaatteet p\u00e4\u00e4ll\u00e4 (mahdollisesti luonnonmateriaalia, kuten puuvilla tai villa). Noin tunnin kest\u00e4v\u00e4n hoidon aikana k\u00e4yn hoidettavan kehon l\u00e4pi p\u00e4\u00e4st\u00e4 varpaisiin aste asteelta, kevyesti koskettaen. Taustalla soi rentouttava musiikki, jonka rytmitt\u00e4\u00e4 hoitoa. <strong>K\u00e4teni kuuntelevat hoidettavan kehoa ja viipyv\u00e4t kauemmin kohdissa, joissa reiki-energiaa tarvitaan enemm\u00e4n.<\/strong><\/span><\/p>\n<p>Kun hoito on ohi, tarjolla on raikasta vett\u00e4 ja yrttiteet\u00e4. Voimme my\u00f6s keskustella hetken reikin aikana her\u00e4nneist\u00e4 tuntemuksista.<\/p>\n<\/div>\n<div class=\"grid__item six-twelfths portable--auto lap--auto palm--auto top-no-padding bottom-no-padding center \" data-style=\"\">\n<h2 class=\"p1\"><span class=\"s1\">Minusta reiki-hoitajana<\/span><\/h2>\n<\/div>\n<div class=\"grid__item six-twelfths portable--auto lap--auto palm--auto top-no-padding bottom-no-padding center \" data-style=\"\">\n<p>Olen opiskellut <em>Usui Reiki Ryoho<\/em> -koulukunnan mukaista reiki-hoitoa Barcelonassa, Escola Superior de Reiki -instituutissa. Perinteen mukaan jokaisella reiki-oppilalla on &#8220;sensei&#8221; (opettaja) ja minulla h\u00e4n on <em>S\u00edlvia Ribelles<\/em>. H\u00e4nelt\u00e4 olen saanut reiki-viritykset eli <em>reijut<\/em> sek\u00e4 opin, jota olen jo useiden vuosien ajan soveltanut el\u00e4m\u00e4ss\u00e4ni.<\/p>\n<p>Reiki-hoitajalle on ensisijaisen t\u00e4rke\u00e4\u00e4 pit\u00e4\u00e4 huolta itsest\u00e4\u00e4n, jotta voi auttaa muita. Siksi harjoitan s\u00e4\u00e4nn\u00f6llisesti erilaisia reikiin kuuluvia energiaharjoituksia ja tekniikoita, jotka auttavat t\u00e4ss\u00e4. Lis\u00e4ksi noudatan reikin eettisi\u00e4 periaatteita.<\/p>\n<\/div>\n<div class=\"grid__item six-twelfths portable--auto lap--auto palm--auto top-no-padding bottom-no-padding center \" data-style=\"\">\n<p><img loading=\"lazy\" decoding=\"async\" class=\"size-full wp-image-2522 aligncenter\" src=\"http:\/\/tianki.fi\/wp-content\/uploads\/2023\/10\/tianki-reiki-06.jpg\" alt=\"tianki reiki\" width=\"1024\" height=\"681\" srcset=\"https:\/\/tianki.fi\/wp-content\/uploads\/2023\/10\/tianki-reiki-06.jpg 1024w, https:\/\/tianki.fi\/wp-content\/uploads\/2023\/10\/tianki-reiki-06-300x200.jpg 300w, https:\/\/tianki.fi\/wp-content\/uploads\/2023\/10\/tianki-reiki-06-768x511.jpg 768w\" sizes=\"auto, (max-width: 1024px) 100vw, 1024px\" \/><\/p>\n<\/div>\n<div class=\"grid__item six-twelfths portable--auto lap--auto palm--auto top-no-padding bottom-no-padding center \" data-style=\"\">\n<h2 class=\"p1\"><span class=\"s1\">HINNASTO<\/span><\/h2>\n<p>Reiki 60 min. \u2013 50\u20ac<br \/>\n<em>(sis. ALV 25,5 %)<\/em><\/p>\n<\/div>\n<div class=\"grid__item six-twelfths portable--auto lap--auto palm--auto top-no-padding bottom-no-padding center \" data-style=\"\">\n<h2><\/h2>\n<h2 class=\"p1\"><span class=\"s1\">Varaukset<\/span><\/h2>\n<\/div>\n<div class=\"grid__item six-twelfths portable--auto lap--auto palm--auto top-no-padding bottom-no-padding center \" data-style=\"\">\n<p><a href=\"https:\/\/tianki.fi\/index.php\/ajanvaraus\/\">S\u00e4hk\u00f6inen ajanvaraus<\/a><\/p>\n<p><img loading=\"lazy\" decoding=\"async\" class=\"alignnone size-full wp-image-2566\" src=\"http:\/\/tianki.fi\/wp-content\/uploads\/2023\/10\/icons8-telephone-50.png\" alt=\"tianki icon phone\" width=\"25\" height=\"25\" \/>\u00a0 041 315 7737<\/p>\n<p><img loading=\"lazy\" decoding=\"async\" class=\"alignnone size-full wp-image-2564\" src=\"http:\/\/tianki.fi\/wp-content\/uploads\/2023\/10\/icons8-email-50.png\" alt=\"tianki icon email\" width=\"25\" height=\"25\" \/>\u00a0 info@tianki.fi<\/p>\n<p>&nbsp;<\/p>\n<p class=\"p1\" style=\"text-align: left;\"><span class=\"s1\">\u00a9 2026 Tian.Ki<\/span><\/p>\n<\/div>\n<\/div>\n","protected":false},"excerpt":{"rendered":"<p>Reiki (\u970a\u6c17) on japanilainen luontaishoitomenetelm\u00e4, ja se tulee sanoista rei (universaali) ja ki (el\u00e4m\u00e4nergia). Se on rentouttava ja voimauttava energiahoito, jossa ei tapahdu mink\u00e4\u00e4nlaista manipulaatiota, vaan hoitajan keho ja k\u00e4det toimivat kanavana reiki-energian \u2013 el\u00e4m\u00e4nvoiman \u2013 ja hoidettavan v\u00e4lill\u00e4. Harjoittamani reiki-hoito perustuu Mikao Usuin menetelm\u00e4\u00e4n, joka on yksi maailman tunnetuimmista alallaan. Sen juuret ulottuvat 1920-luvulle, [&hellip;]<\/p>\n","protected":false},"author":1,"featured_media":0,"parent":0,"menu_order":0,"comment_status":"closed","ping_status":"closed","template":"","meta":{"footnotes":""},"class_list":["post-2450","page","type-page","status-publish","hentry"],"acf":[],"yoast_head":"<!-- This site is optimized with the Yoast SEO plugin v26.9 - https:\/\/yoast.com\/product\/yoast-seo-wordpress\/ -->\n<title>Reiki-hoito \u2013 tasapainottava energiahoito | tianki.fi<\/title>\n<meta name=\"description\" content=\"Tian.Ki reiki-hoito tulee japanista ja se perustuu universaaliin el\u00e4m\u00e4nenergiaan. Hoidan k\u00e4sill\u00e4ni ilman manipulaatiota.\" \/>\n<meta name=\"robots\" content=\"index, follow, max-snippet:-1, max-image-preview:large, max-video-preview:-1\" \/>\n<link rel=\"canonical\" href=\"https:\/\/tianki.fi\/index.php\/reiki\/\" \/>\n<meta property=\"og:locale\" content=\"en_GB\" \/>\n<meta property=\"og:type\" content=\"article\" \/>\n<meta property=\"og:title\" content=\"Reiki-hoito \u2013 tasapainottava energiahoito | tianki.fi\" \/>\n<meta property=\"og:description\" content=\"Tian.Ki reiki-hoito tulee japanista ja se perustuu universaaliin el\u00e4m\u00e4nenergiaan. Hoidan k\u00e4sill\u00e4ni ilman manipulaatiota.\" \/>\n<meta property=\"og:url\" content=\"https:\/\/tianki.fi\/index.php\/reiki\/\" \/>\n<meta property=\"og:site_name\" content=\"Tianki\" \/>\n<meta property=\"article:modified_time\" content=\"2026-02-08T12:04:02+00:00\" \/>\n<meta property=\"og:image\" content=\"https:\/\/tianki.fi\/wp-content\/uploads\/2023\/10\/tianki-reiki-04.jpg\" \/>\n\t<meta property=\"og:image:width\" content=\"1024\" \/>\n\t<meta property=\"og:image:height\" content=\"681\" \/>\n\t<meta property=\"og:image:type\" content=\"image\/jpeg\" \/>\n<meta name=\"twitter:card\" content=\"summary_large_image\" \/>\n<meta name=\"twitter:label1\" content=\"Estimated reading time\" \/>\n\t<meta name=\"twitter:data1\" content=\"3 minutes\" \/>\n<script type=\"application\/ld+json\" class=\"yoast-schema-graph\">{\"@context\":\"https:\/\/schema.org\",\"@graph\":[{\"@type\":\"WebPage\",\"@id\":\"https:\/\/tianki.fi\/index.php\/reiki\/\",\"url\":\"https:\/\/tianki.fi\/index.php\/reiki\/\",\"name\":\"Reiki-hoito \u2013 tasapainottava energiahoito | tianki.fi\",\"isPartOf\":{\"@id\":\"https:\/\/tianki.fi\/#website\"},\"primaryImageOfPage\":{\"@id\":\"https:\/\/tianki.fi\/index.php\/reiki\/#primaryimage\"},\"image\":{\"@id\":\"https:\/\/tianki.fi\/index.php\/reiki\/#primaryimage\"},\"thumbnailUrl\":\"http:\/\/tianki.fi\/wp-content\/uploads\/2023\/10\/tianki-reiki-04.jpg\",\"datePublished\":\"2023-10-04T19:10:09+00:00\",\"dateModified\":\"2026-02-08T12:04:02+00:00\",\"description\":\"Tian.Ki reiki-hoito tulee japanista ja se perustuu universaaliin el\u00e4m\u00e4nenergiaan. Hoidan k\u00e4sill\u00e4ni ilman manipulaatiota.\",\"breadcrumb\":{\"@id\":\"https:\/\/tianki.fi\/index.php\/reiki\/#breadcrumb\"},\"inLanguage\":\"en-GB\",\"potentialAction\":[{\"@type\":\"ReadAction\",\"target\":[\"https:\/\/tianki.fi\/index.php\/reiki\/\"]}]},{\"@type\":\"ImageObject\",\"inLanguage\":\"en-GB\",\"@id\":\"https:\/\/tianki.fi\/index.php\/reiki\/#primaryimage\",\"url\":\"http:\/\/tianki.fi\/wp-content\/uploads\/2023\/10\/tianki-reiki-04.jpg\",\"contentUrl\":\"http:\/\/tianki.fi\/wp-content\/uploads\/2023\/10\/tianki-reiki-04.jpg\"},{\"@type\":\"BreadcrumbList\",\"@id\":\"https:\/\/tianki.fi\/index.php\/reiki\/#breadcrumb\",\"itemListElement\":[{\"@type\":\"ListItem\",\"position\":1,\"name\":\"Home\",\"item\":\"https:\/\/tianki.fi\/\"},{\"@type\":\"ListItem\",\"position\":2,\"name\":\"reiki\"}]},{\"@type\":\"WebSite\",\"@id\":\"https:\/\/tianki.fi\/#website\",\"url\":\"https:\/\/tianki.fi\/\",\"name\":\"Tianki\",\"description\":\"Healing\",\"potentialAction\":[{\"@type\":\"SearchAction\",\"target\":{\"@type\":\"EntryPoint\",\"urlTemplate\":\"https:\/\/tianki.fi\/?s={search_term_string}\"},\"query-input\":{\"@type\":\"PropertyValueSpecification\",\"valueRequired\":true,\"valueName\":\"search_term_string\"}}],\"inLanguage\":\"en-GB\"}]}<\/script>\n<!-- \/ Yoast SEO plugin. -->","yoast_head_json":{"title":"Reiki-hoito \u2013 tasapainottava energiahoito | tianki.fi","description":"Tian.Ki reiki-hoito tulee japanista ja se perustuu universaaliin el\u00e4m\u00e4nenergiaan. Hoidan k\u00e4sill\u00e4ni ilman manipulaatiota.","robots":{"index":"index","follow":"follow","max-snippet":"max-snippet:-1","max-image-preview":"max-image-preview:large","max-video-preview":"max-video-preview:-1"},"canonical":"https:\/\/tianki.fi\/index.php\/reiki\/","og_locale":"en_GB","og_type":"article","og_title":"Reiki-hoito \u2013 tasapainottava energiahoito | tianki.fi","og_description":"Tian.Ki reiki-hoito tulee japanista ja se perustuu universaaliin el\u00e4m\u00e4nenergiaan. Hoidan k\u00e4sill\u00e4ni ilman manipulaatiota.","og_url":"https:\/\/tianki.fi\/index.php\/reiki\/","og_site_name":"Tianki","article_modified_time":"2026-02-08T12:04:02+00:00","og_image":[{"width":1024,"height":681,"url":"https:\/\/tianki.fi\/wp-content\/uploads\/2023\/10\/tianki-reiki-04.jpg","type":"image\/jpeg"}],"twitter_card":"summary_large_image","twitter_misc":{"Estimated reading time":"3 minutes"},"schema":{"@context":"https:\/\/schema.org","@graph":[{"@type":"WebPage","@id":"https:\/\/tianki.fi\/index.php\/reiki\/","url":"https:\/\/tianki.fi\/index.php\/reiki\/","name":"Reiki-hoito \u2013 tasapainottava energiahoito | tianki.fi","isPartOf":{"@id":"https:\/\/tianki.fi\/#website"},"primaryImageOfPage":{"@id":"https:\/\/tianki.fi\/index.php\/reiki\/#primaryimage"},"image":{"@id":"https:\/\/tianki.fi\/index.php\/reiki\/#primaryimage"},"thumbnailUrl":"http:\/\/tianki.fi\/wp-content\/uploads\/2023\/10\/tianki-reiki-04.jpg","datePublished":"2023-10-04T19:10:09+00:00","dateModified":"2026-02-08T12:04:02+00:00","description":"Tian.Ki reiki-hoito tulee japanista ja se perustuu universaaliin el\u00e4m\u00e4nenergiaan. Hoidan k\u00e4sill\u00e4ni ilman manipulaatiota.","breadcrumb":{"@id":"https:\/\/tianki.fi\/index.php\/reiki\/#breadcrumb"},"inLanguage":"en-GB","potentialAction":[{"@type":"ReadAction","target":["https:\/\/tianki.fi\/index.php\/reiki\/"]}]},{"@type":"ImageObject","inLanguage":"en-GB","@id":"https:\/\/tianki.fi\/index.php\/reiki\/#primaryimage","url":"http:\/\/tianki.fi\/wp-content\/uploads\/2023\/10\/tianki-reiki-04.jpg","contentUrl":"http:\/\/tianki.fi\/wp-content\/uploads\/2023\/10\/tianki-reiki-04.jpg"},{"@type":"BreadcrumbList","@id":"https:\/\/tianki.fi\/index.php\/reiki\/#breadcrumb","itemListElement":[{"@type":"ListItem","position":1,"name":"Home","item":"https:\/\/tianki.fi\/"},{"@type":"ListItem","position":2,"name":"reiki"}]},{"@type":"WebSite","@id":"https:\/\/tianki.fi\/#website","url":"https:\/\/tianki.fi\/","name":"Tianki","description":"Healing","potentialAction":[{"@type":"SearchAction","target":{"@type":"EntryPoint","urlTemplate":"https:\/\/tianki.fi\/?s={search_term_string}"},"query-input":{"@type":"PropertyValueSpecification","valueRequired":true,"valueName":"search_term_string"}}],"inLanguage":"en-GB"}]}},"_links":{"self":[{"href":"https:\/\/tianki.fi\/index.php\/wp-json\/wp\/v2\/pages\/2450","targetHints":{"allow":["GET"]}}],"collection":[{"href":"https:\/\/tianki.fi\/index.php\/wp-json\/wp\/v2\/pages"}],"about":[{"href":"https:\/\/tianki.fi\/index.php\/wp-json\/wp\/v2\/types\/page"}],"author":[{"embeddable":true,"href":"https:\/\/tianki.fi\/index.php\/wp-json\/wp\/v2\/users\/1"}],"replies":[{"embeddable":true,"href":"https:\/\/tianki.fi\/index.php\/wp-json\/wp\/v2\/comments?post=2450"}],"version-history":[{"count":32,"href":"https:\/\/tianki.fi\/index.php\/wp-json\/wp\/v2\/pages\/2450\/revisions"}],"predecessor-version":[{"id":2954,"href":"https:\/\/tianki.fi\/index.php\/wp-json\/wp\/v2\/pages\/2450\/revisions\/2954"}],"wp:attachment":[{"href":"https:\/\/tianki.fi\/index.php\/wp-json\/wp\/v2\/media?parent=2450"}],"curies":[{"name":"wp","href":"https:\/\/api.w.org\/{rel}","templated":true}]}}