{"id":2455,"date":"2023-10-05T15:12:21","date_gmt":"2023-10-05T15:12:21","guid":{"rendered":"https:\/\/tianki.fi\/?page_id=2455"},"modified":"2026-02-08T12:11:04","modified_gmt":"2026-02-08T12:11:04","slug":"kosmeettinen-gua-sha","status":"publish","type":"page","link":"https:\/\/tianki.fi\/index.php\/kosmeettinen-gua-sha\/","title":{"rendered":"gua sha"},"content":{"rendered":"<div class=\"grid kcm\">\n<div class=\"grid__item six-twelfths portable--auto lap--auto palm--auto top-no-padding bottom-no-padding center \" data-style=\"\">\n<h2 class=\"p1\"><span class=\"s1\">Kasvoista l\u00f6ytyy koko keho, ja siksi kosmeettinen gua sha hoitaa kokonaisvaltaisesti.<\/span><\/h2>\n<p class=\"p1\"><span class=\"s1\">Gua sha on ikivanha, \u201dhankaamiseen\u201d perustuva kiinalaisen l\u00e4\u00e4ketieteen hoitomenetelm\u00e4, jonka pohjalta on syntynyt nyky\u00e4\u00e4n l\u00e4nsimaissa suosittu <strong>kosmeettinen gua sha<\/strong>. Se eroaa paljon alkuper\u00e4isest\u00e4 hoidosta, sill\u00e4 se on hellempi ja kattaa l\u00e4hinn\u00e4 kasvojen, p\u00e4\u00e4n ja dekolteen sek\u00e4 niskan alueen.\u00a0<\/span><\/p>\n<p class=\"p1\"><span class=\"s1\">Kosmeettisessa gua sha -hoidossa k\u00e4ytet\u00e4\u00e4n esimerkiksi ruusukvartsista, jadesta tai muusta <strong>luonnonkivest\u00e4 valmistettua lastaa, rullaa tai lusikkaa.<\/strong> Sellaisella hierotaan ja painellaan kasvojen ihoa hitaasti ja hell\u00e4varaisesti, jolloin <strong>solujen aineenvaihdunta ja lymfakierto paranevat, veri alkaa kiert\u00e4m\u00e4\u00e4n ja parasympaattinen hermosto aktivoituu<\/strong>. <\/span><\/p>\n<p class=\"p1\"><span class=\"s1\">Kosmeettinen gua sha on enemm\u00e4n kuin kauneudenhoitoa \u2013 <strong>se on syv\u00e4rentoutus, jonka vaikutus tuntuu p\u00e4\u00e4st\u00e4 varpaisiin<\/strong>. T\u00e4h\u00e4n on hyv\u00e4 selityskin, sill\u00e4 kiinalaisen l\u00e4\u00e4ketieteen meridiaanit kulkevat pitkin p\u00e4\u00e4t\u00e4 ja kasvoja, jolloin niiden akupisteit\u00e4 aktivoimalla voidaan vaikuttaa muihin kehonosiin.<\/span><\/p>\n<p><a href=\"https:\/\/vello.fi\/tianki\/\" target=\"_blank\" rel=\"noopener\">Varaa aika gua sha -hoitoon<\/a><\/p>\n<\/div>\n<div class=\"grid__item one-whole portable--auto lap--auto palm--auto top-no-padding bottom-no-padding center \" data-style=\"\">\n<p><img loading=\"lazy\" decoding=\"async\" class=\"size-full wp-image-2604 aligncenter\" src=\"http:\/\/tianki.fi\/wp-content\/uploads\/2023\/10\/tianki-kosmeettinen-guasha-022.jpg\" alt=\"tianki kosmeettinen guasha\" width=\"1024\" height=\"600\" srcset=\"https:\/\/tianki.fi\/wp-content\/uploads\/2023\/10\/tianki-kosmeettinen-guasha-022.jpg 1024w, https:\/\/tianki.fi\/wp-content\/uploads\/2023\/10\/tianki-kosmeettinen-guasha-022-300x176.jpg 300w, https:\/\/tianki.fi\/wp-content\/uploads\/2023\/10\/tianki-kosmeettinen-guasha-022-768x450.jpg 768w\" sizes=\"auto, (max-width: 1024px) 100vw, 1024px\" \/><\/p>\n<\/div>\n<div class=\"grid__item six-twelfths portable--auto lap--auto palm--auto top-no-padding bottom-no-padding center \" data-style=\"\">\n<h2 class=\"p1\"><span class=\"s1\">Mit\u00e4 hy\u00f6ty\u00e4 gua shasta on?<\/span><\/h2>\n<p class=\"p1\"><strong><span class=\"s1\">Kosmeettinen gua sha muun muassa\u2026<\/span><\/strong><\/p>\n<ul>\n<li><span class=\"s1\">kirkastaa, kiinteytt\u00e4\u00e4 ja tasoittaa ihoa<\/span><\/li>\n<li><span class=\"s1\">\u00a0v\u00e4hent\u00e4\u00e4 turvotusta<\/span><\/li>\n<li><span class=\"s1\">silottaa ryppyj\u00e4<\/span><\/li>\n<li><span class=\"s1\">korostaa kasvojen linjoja<\/span><\/li>\n<li><span class=\"s1\">rentouttaa lihaksia<\/span><\/li>\n<li><span class=\"s1\">virkist\u00e4\u00e4 mielt\u00e4<\/span><\/li>\n<\/ul>\n<p>Kosmeettisten ja fyysisten etujen lis\u00e4ksi kosmeettinen gua sha toimii my\u00f6s energiatasolla, sill\u00e4 meridiaanikanavien k\u00e4sittely <strong>vapauttaa kehon j\u00e4nnityst\u00e4 ja tukkeutunutta energiaa<\/strong>. Rentouttava hoito my\u00f6s aktivoi parasympaattisen hermoston, ja tunnetasolla hoito voi parantaa itseluottamusta.<\/p>\n<p class=\"p1\"><span class=\"s1\"><strong>Gua shan kirkastavan vaikutuksen n\u00e4kee kasvoilla nopeasti,<\/strong> ja siksi t\u00e4st\u00e4 rentouttavasta hoitomenetelm\u00e4st\u00e4 on tullut luonnollinen vaihtoehto botoxille ja muille keinotekoisille kauneushoidoille. Tosin hoidoissa pit\u00e4isi k\u00e4yd\u00e4 s\u00e4\u00e4nn\u00f6llisesti, jotta tulokset olisivat pysyv\u00e4mpi\u00e4. <\/span><\/p>\n<\/div>\n<div class=\"grid__item six-twelfths portable--auto lap--auto palm--auto top-no-padding bottom-no-padding \" data-style=\"\">\n<p><img loading=\"lazy\" decoding=\"async\" class=\"aligncenter wp-image-2605 size-full\" src=\"http:\/\/tianki.fi\/wp-content\/uploads\/2023\/10\/tianki-kosmeettinen-guasha-055.jpg\" alt=\"kosmeettinen guasha heijastus\" width=\"768\" height=\"1024\" srcset=\"https:\/\/tianki.fi\/wp-content\/uploads\/2023\/10\/tianki-kosmeettinen-guasha-055.jpg 768w, https:\/\/tianki.fi\/wp-content\/uploads\/2023\/10\/tianki-kosmeettinen-guasha-055-225x300.jpg 225w\" sizes=\"auto, (max-width: 768px) 100vw, 768px\" \/><\/p>\n<\/div>\n<div class=\"grid__item five-twelfths portable--auto lap--auto palm--auto top-no-padding bottom-no-padding \" data-style=\"\"><\/div>\n<div class=\"grid__item six-twelfths portable--auto lap--auto palm--auto top-no-padding bottom-no-padding \" data-style=\"\">\n<h2 class=\"p1\"><span class=\"s1\">Millainen on kosmeettinen gua sha -hoito?<\/span><\/h2>\n<p>Jokainen gua sha -hoito on yksil\u00f6llisesti r\u00e4\u00e4t\u00e4l\u00f6ity, sill\u00e4 ihan aluksi arvioin hoidon tarpeen ja sovellan sit\u00e4 protokollaani.<\/p>\n<p class=\"p1\"><span class=\"s1\">Aluksi iho puhdistetaan kevyesti, mink\u00e4 per\u00e4\u00e4n se kosteutetaan ja lopuksi p\u00e4\u00e4lle hierotaan kasvo\u00f6ljy. Sen avulla gua sha -lasta liukuu iholla sulavasti. <strong>K\u00e4yt\u00e4n hoidoissani vain korkealaatuisia ja sertifioituja luonnonkosmetiikan tuotteita ihotyypin mukaan<\/strong>.<\/span><\/p>\n<p class=\"p1\"><span class=\"s1\">Hoito tehd\u00e4\u00e4n hoitop\u00f6yd\u00e4ll\u00e4, ja aluksi k\u00e4sitell\u00e4\u00e4n <strong>dekolteen ja kaulan alue<\/strong> lastaa ja rullaa k\u00e4ytt\u00e4en. Siit\u00e4 siirryt\u00e4\u00e4n yl\u00f6s kohti leukaa ja <strong>kasvoja<\/strong>, jotka k\u00e4yd\u00e4\u00e4n systemaattisesti l\u00e4pi alue alueelta eri gua sha -v\u00e4lineit\u00e4 ja tekniikoita hy\u00f6dynt\u00e4en. My\u00f6s <strong>niska ja hartiat sek\u00e4 kallonpohja<\/strong> k\u00e4sitell\u00e4\u00e4n. Samoin k\u00e4yn l\u00e4pi p\u00e4\u00e4n ja kasvojen alueella kulkevien meridiaanikanavien t\u00e4rke\u00e4t akupisteet. <\/span><\/p>\n<p class=\"p1\"><span class=\"s1\">Kosketuksen intensiivisyys ja hoidon rytmi vaihtelevat, mutta p\u00e4\u00e4asiallisesti <strong>kosmeettisen gua shan rentouttava vaikutus perustuu lempe\u00e4n ja hitaan kosketuksen voimaan<\/strong>. Olennaista minun ty\u00f6ss\u00e4ni on tarkkaavaisuus ja intentio.<\/span><\/p>\n<\/div>\n<div class=\"grid__item six-twelfths portable--auto lap--auto palm--auto top-no-padding bottom-no-padding center \" data-style=\"\">\n<p style=\"text-align: center;\"><a href=\"https:\/\/tianki.fi\/index.php\/ajanvaraus\/\">Varaa aika t\u00e4st\u00e4<\/a><\/p>\n<p><img loading=\"lazy\" decoding=\"async\" class=\"aligncenter wp-image-2603 size-full\" src=\"http:\/\/tianki.fi\/wp-content\/uploads\/2023\/10\/tianki-kosmeettinen-guasha-06.jpg\" alt=\"tianki kosmeettinen gua sha lehdet\" width=\"1024\" height=\"600\" srcset=\"https:\/\/tianki.fi\/wp-content\/uploads\/2023\/10\/tianki-kosmeettinen-guasha-06.jpg 1024w, https:\/\/tianki.fi\/wp-content\/uploads\/2023\/10\/tianki-kosmeettinen-guasha-06-300x176.jpg 300w, https:\/\/tianki.fi\/wp-content\/uploads\/2023\/10\/tianki-kosmeettinen-guasha-06-768x450.jpg 768w\" sizes=\"auto, (max-width: 1024px) 100vw, 1024px\" \/><\/p>\n<\/div>\n<div class=\"grid__item six-twelfths portable--auto lap--auto palm--auto top-no-padding bottom-no-padding center \" data-style=\"\">\n<h2 class=\"p1\"><span class=\"s1\">Kosmeettinen gua sha hoitaa kokonaisvaltaisesti<\/span><\/h2>\n<p class=\"p1\"><span class=\"s1\">Koska gua sha -hoidossa k\u00e4sitell\u00e4\u00e4n useampia energiakanavia, jotka ovat yhteydess\u00e4 muihin kehon osiin, hoidon vaikutus tuntuu kokonaisvaltaisesti kehossa ja mieless\u00e4. Kevyt ja l\u00e4sn\u00e4oleva kosketus aktivoi parasympaattista hermostoa, jolloin koko <strong>keho lipuu syv\u00e4rentoutuksen tilaan ja ihon solut p\u00e4\u00e4sev\u00e4t uusiutumaan<\/strong>. <\/span><\/p>\n<\/div>\n<div class=\"grid__item six-twelfths portable--auto lap--auto palm--auto top-no-padding bottom-no-padding center \" data-style=\"\">\n<h2 class=\"p1\"><span class=\"s1\">Kosmeettisen gua shan kontraindikaatiot<\/span><\/h2>\n<\/div>\n<div class=\"grid__item six-twelfths portable--auto lap--auto palm--auto top-no-padding bottom-no-padding center \" data-style=\"\">\n<ul>\n<li class=\"p1\"><span class=\"s1\">T\u00e4yteaineet ja vastaavat hoidot<\/span><\/li>\n<li class=\"p1\"><span class=\"s1\">Raskaus (3 ensimm\u00e4ist\u00e4 kuukautta)<\/span><\/li>\n<li class=\"p1\"><span class=\"s1\">Kuumetta tai akuutti sairaus<\/span><\/li>\n<li class=\"p1\"><span class=\"s1\">Imusolmuketulehdus<\/span><\/li>\n<li class=\"p1\"><span class=\"s1\">Veritulppa tai valtimonkovettumatauti<\/span><\/li>\n<li class=\"p1\"><span class=\"s1\">Sy\u00f6p\u00e4 tai muut vakavat sairaudet<\/span><\/li>\n<\/ul>\n<p><strong>Huom.<\/strong> Aknen tai ruusufinnin tapauksessa hoito tehd\u00e4\u00e4n varoen ja tilanteen mukaan.<\/p>\n<\/div>\n<div class=\"grid__item three-twelfths portable--auto lap--auto palm--auto top-no-padding bottom-medium-padding \" data-style=\"\"><\/div>\n<div class=\"grid__item six-twelfths portable--auto lap--auto palm--auto top-no-padding bottom-no-padding \" data-style=\"\">\n<p><img loading=\"lazy\" decoding=\"async\" class=\"aligncenter wp-image-2606 size-full\" src=\"http:\/\/tianki.fi\/wp-content\/uploads\/2023\/10\/tianki-kosmeettinen-guasha-07.jpg\" alt=\"tianki gua sha punainen kukka\" width=\"1024\" height=\"600\" srcset=\"https:\/\/tianki.fi\/wp-content\/uploads\/2023\/10\/tianki-kosmeettinen-guasha-07.jpg 1024w, https:\/\/tianki.fi\/wp-content\/uploads\/2023\/10\/tianki-kosmeettinen-guasha-07-300x176.jpg 300w, https:\/\/tianki.fi\/wp-content\/uploads\/2023\/10\/tianki-kosmeettinen-guasha-07-768x450.jpg 768w\" sizes=\"auto, (max-width: 1024px) 100vw, 1024px\" \/><\/p>\n<\/div>\n<div class=\"grid__item six-twelfths portable--auto lap--auto palm--auto top-no-padding bottom-no-padding center \" data-style=\"\">\n<h2 class=\"p1\"><span class=\"s1\">HINNASTO<\/span><\/h2>\n<\/div>\n<div class=\"grid__item six-twelfths portable--auto lap--auto palm--auto top-no-padding bottom-no-padding center \" data-style=\"\">\n<p class=\"p1\"><span class=\"s1\">Kosmeettinen gua sha 60 min \u2013 65 \u20ac<\/span><\/p>\n<p><em>(hinta sis. ALV 25,5 %)<\/em><\/p>\n<\/div>\n<div class=\"grid__item six-twelfths portable--auto lap--auto palm--auto top-no-padding bottom-no-padding center \" data-style=\"\">\n<h2 class=\"p1\"><span class=\"s1\">Varaukset<\/span><\/h2>\n<\/div>\n<div class=\"grid__item six-twelfths portable--auto lap--auto palm--auto top-no-padding bottom-no-padding center \" data-style=\"\">\n<p><img loading=\"lazy\" decoding=\"async\" class=\"alignnone size-full wp-image-2564\" src=\"http:\/\/tianki.fi\/wp-content\/uploads\/2023\/10\/icons8-email-50.png\" alt=\"tianki icon email\" width=\"25\" height=\"25\" \/>\u00a0 info@tianki.fi<\/p>\n<p><img loading=\"lazy\" decoding=\"async\" class=\"alignnone size-full wp-image-2566\" src=\"http:\/\/tianki.fi\/wp-content\/uploads\/2023\/10\/icons8-telephone-50.png\" alt=\"tianki icon phone\" width=\"25\" height=\"25\" \/>\u00a0 041 315 7737<\/p>\n<p class=\"p1\" style=\"text-align: left;\"><span class=\"s1\"><br \/>\n\u00a9 2026 Tian.Ki<\/span><\/p>\n<\/div>\n<\/div>\n","protected":false},"excerpt":{"rendered":"<p>Kasvoista l\u00f6ytyy koko keho, ja siksi kosmeettinen gua sha hoitaa kokonaisvaltaisesti. Gua sha on ikivanha, \u201dhankaamiseen\u201d perustuva kiinalaisen l\u00e4\u00e4ketieteen hoitomenetelm\u00e4, jonka pohjalta on syntynyt nyky\u00e4\u00e4n l\u00e4nsimaissa suosittu kosmeettinen gua sha. Se eroaa paljon alkuper\u00e4isest\u00e4 hoidosta, sill\u00e4 se on hellempi ja kattaa l\u00e4hinn\u00e4 kasvojen, p\u00e4\u00e4n ja dekolteen sek\u00e4 niskan alueen.\u00a0 Kosmeettisessa gua sha -hoidossa k\u00e4ytet\u00e4\u00e4n esimerkiksi [&hellip;]<\/p>\n","protected":false},"author":1,"featured_media":0,"parent":0,"menu_order":0,"comment_status":"closed","ping_status":"closed","template":"","meta":{"footnotes":""},"class_list":["post-2455","page","type-page","status-publish","hentry"],"acf":[],"yoast_head":"<!-- This site is optimized with the Yoast SEO plugin v26.9 - https:\/\/yoast.com\/product\/yoast-seo-wordpress\/ -->\n<title>Kosmeettinen gua sha kirkastaa kasvot ja rentouttaa mielen<\/title>\n<meta name=\"description\" content=\"Kosmeettinen gua sha on syv\u00e4rentouttava kasvohoito, jossa ihoa hierotaan kivest\u00e4 tehdyll\u00e4 lastalla. Tuloksena on kuulas ja kiinte\u00e4 iho.\" \/>\n<meta name=\"robots\" content=\"index, follow, max-snippet:-1, max-image-preview:large, max-video-preview:-1\" \/>\n<link rel=\"canonical\" href=\"https:\/\/tianki.fi\/index.php\/kosmeettinen-gua-sha\/\" \/>\n<meta property=\"og:locale\" content=\"en_GB\" \/>\n<meta property=\"og:type\" content=\"article\" \/>\n<meta property=\"og:title\" content=\"Kosmeettinen gua sha kirkastaa kasvot ja rentouttaa mielen\" \/>\n<meta property=\"og:description\" content=\"Kosmeettinen gua sha on syv\u00e4rentouttava kasvohoito, jossa ihoa hierotaan kivest\u00e4 tehdyll\u00e4 lastalla. Tuloksena on kuulas ja kiinte\u00e4 iho.\" \/>\n<meta property=\"og:url\" content=\"https:\/\/tianki.fi\/index.php\/kosmeettinen-gua-sha\/\" \/>\n<meta property=\"og:site_name\" content=\"Tianki\" \/>\n<meta property=\"article:modified_time\" content=\"2026-02-08T12:11:04+00:00\" \/>\n<meta property=\"og:image\" content=\"https:\/\/tianki.fi\/wp-content\/uploads\/2023\/10\/tianki-kosmeettinen-guasha-022.jpg\" \/>\n\t<meta property=\"og:image:width\" content=\"1024\" \/>\n\t<meta property=\"og:image:height\" content=\"600\" \/>\n\t<meta property=\"og:image:type\" content=\"image\/jpeg\" \/>\n<meta name=\"twitter:card\" content=\"summary_large_image\" \/>\n<meta name=\"twitter:label1\" content=\"Estimated reading time\" \/>\n\t<meta name=\"twitter:data1\" content=\"4 minutes\" \/>\n<script type=\"application\/ld+json\" class=\"yoast-schema-graph\">{\"@context\":\"https:\/\/schema.org\",\"@graph\":[{\"@type\":\"WebPage\",\"@id\":\"https:\/\/tianki.fi\/index.php\/kosmeettinen-gua-sha\/\",\"url\":\"https:\/\/tianki.fi\/index.php\/kosmeettinen-gua-sha\/\",\"name\":\"Kosmeettinen gua sha kirkastaa kasvot ja rentouttaa mielen\",\"isPartOf\":{\"@id\":\"https:\/\/tianki.fi\/#website\"},\"primaryImageOfPage\":{\"@id\":\"https:\/\/tianki.fi\/index.php\/kosmeettinen-gua-sha\/#primaryimage\"},\"image\":{\"@id\":\"https:\/\/tianki.fi\/index.php\/kosmeettinen-gua-sha\/#primaryimage\"},\"thumbnailUrl\":\"http:\/\/tianki.fi\/wp-content\/uploads\/2023\/10\/tianki-kosmeettinen-guasha-022.jpg\",\"datePublished\":\"2023-10-05T15:12:21+00:00\",\"dateModified\":\"2026-02-08T12:11:04+00:00\",\"description\":\"Kosmeettinen gua sha on syv\u00e4rentouttava kasvohoito, jossa ihoa hierotaan kivest\u00e4 tehdyll\u00e4 lastalla. Tuloksena on kuulas ja kiinte\u00e4 iho.\",\"breadcrumb\":{\"@id\":\"https:\/\/tianki.fi\/index.php\/kosmeettinen-gua-sha\/#breadcrumb\"},\"inLanguage\":\"en-GB\",\"potentialAction\":[{\"@type\":\"ReadAction\",\"target\":[\"https:\/\/tianki.fi\/index.php\/kosmeettinen-gua-sha\/\"]}]},{\"@type\":\"ImageObject\",\"inLanguage\":\"en-GB\",\"@id\":\"https:\/\/tianki.fi\/index.php\/kosmeettinen-gua-sha\/#primaryimage\",\"url\":\"http:\/\/tianki.fi\/wp-content\/uploads\/2023\/10\/tianki-kosmeettinen-guasha-022.jpg\",\"contentUrl\":\"http:\/\/tianki.fi\/wp-content\/uploads\/2023\/10\/tianki-kosmeettinen-guasha-022.jpg\"},{\"@type\":\"BreadcrumbList\",\"@id\":\"https:\/\/tianki.fi\/index.php\/kosmeettinen-gua-sha\/#breadcrumb\",\"itemListElement\":[{\"@type\":\"ListItem\",\"position\":1,\"name\":\"Home\",\"item\":\"https:\/\/tianki.fi\/\"},{\"@type\":\"ListItem\",\"position\":2,\"name\":\"gua sha\"}]},{\"@type\":\"WebSite\",\"@id\":\"https:\/\/tianki.fi\/#website\",\"url\":\"https:\/\/tianki.fi\/\",\"name\":\"Tianki\",\"description\":\"Healing\",\"potentialAction\":[{\"@type\":\"SearchAction\",\"target\":{\"@type\":\"EntryPoint\",\"urlTemplate\":\"https:\/\/tianki.fi\/?s={search_term_string}\"},\"query-input\":{\"@type\":\"PropertyValueSpecification\",\"valueRequired\":true,\"valueName\":\"search_term_string\"}}],\"inLanguage\":\"en-GB\"}]}<\/script>\n<!-- \/ Yoast SEO plugin. -->","yoast_head_json":{"title":"Kosmeettinen gua sha kirkastaa kasvot ja rentouttaa mielen","description":"Kosmeettinen gua sha on syv\u00e4rentouttava kasvohoito, jossa ihoa hierotaan kivest\u00e4 tehdyll\u00e4 lastalla. Tuloksena on kuulas ja kiinte\u00e4 iho.","robots":{"index":"index","follow":"follow","max-snippet":"max-snippet:-1","max-image-preview":"max-image-preview:large","max-video-preview":"max-video-preview:-1"},"canonical":"https:\/\/tianki.fi\/index.php\/kosmeettinen-gua-sha\/","og_locale":"en_GB","og_type":"article","og_title":"Kosmeettinen gua sha kirkastaa kasvot ja rentouttaa mielen","og_description":"Kosmeettinen gua sha on syv\u00e4rentouttava kasvohoito, jossa ihoa hierotaan kivest\u00e4 tehdyll\u00e4 lastalla. Tuloksena on kuulas ja kiinte\u00e4 iho.","og_url":"https:\/\/tianki.fi\/index.php\/kosmeettinen-gua-sha\/","og_site_name":"Tianki","article_modified_time":"2026-02-08T12:11:04+00:00","og_image":[{"width":1024,"height":600,"url":"https:\/\/tianki.fi\/wp-content\/uploads\/2023\/10\/tianki-kosmeettinen-guasha-022.jpg","type":"image\/jpeg"}],"twitter_card":"summary_large_image","twitter_misc":{"Estimated reading time":"4 minutes"},"schema":{"@context":"https:\/\/schema.org","@graph":[{"@type":"WebPage","@id":"https:\/\/tianki.fi\/index.php\/kosmeettinen-gua-sha\/","url":"https:\/\/tianki.fi\/index.php\/kosmeettinen-gua-sha\/","name":"Kosmeettinen gua sha kirkastaa kasvot ja rentouttaa mielen","isPartOf":{"@id":"https:\/\/tianki.fi\/#website"},"primaryImageOfPage":{"@id":"https:\/\/tianki.fi\/index.php\/kosmeettinen-gua-sha\/#primaryimage"},"image":{"@id":"https:\/\/tianki.fi\/index.php\/kosmeettinen-gua-sha\/#primaryimage"},"thumbnailUrl":"http:\/\/tianki.fi\/wp-content\/uploads\/2023\/10\/tianki-kosmeettinen-guasha-022.jpg","datePublished":"2023-10-05T15:12:21+00:00","dateModified":"2026-02-08T12:11:04+00:00","description":"Kosmeettinen gua sha on syv\u00e4rentouttava kasvohoito, jossa ihoa hierotaan kivest\u00e4 tehdyll\u00e4 lastalla. Tuloksena on kuulas ja kiinte\u00e4 iho.","breadcrumb":{"@id":"https:\/\/tianki.fi\/index.php\/kosmeettinen-gua-sha\/#breadcrumb"},"inLanguage":"en-GB","potentialAction":[{"@type":"ReadAction","target":["https:\/\/tianki.fi\/index.php\/kosmeettinen-gua-sha\/"]}]},{"@type":"ImageObject","inLanguage":"en-GB","@id":"https:\/\/tianki.fi\/index.php\/kosmeettinen-gua-sha\/#primaryimage","url":"http:\/\/tianki.fi\/wp-content\/uploads\/2023\/10\/tianki-kosmeettinen-guasha-022.jpg","contentUrl":"http:\/\/tianki.fi\/wp-content\/uploads\/2023\/10\/tianki-kosmeettinen-guasha-022.jpg"},{"@type":"BreadcrumbList","@id":"https:\/\/tianki.fi\/index.php\/kosmeettinen-gua-sha\/#breadcrumb","itemListElement":[{"@type":"ListItem","position":1,"name":"Home","item":"https:\/\/tianki.fi\/"},{"@type":"ListItem","position":2,"name":"gua sha"}]},{"@type":"WebSite","@id":"https:\/\/tianki.fi\/#website","url":"https:\/\/tianki.fi\/","name":"Tianki","description":"Healing","potentialAction":[{"@type":"SearchAction","target":{"@type":"EntryPoint","urlTemplate":"https:\/\/tianki.fi\/?s={search_term_string}"},"query-input":{"@type":"PropertyValueSpecification","valueRequired":true,"valueName":"search_term_string"}}],"inLanguage":"en-GB"}]}},"_links":{"self":[{"href":"https:\/\/tianki.fi\/index.php\/wp-json\/wp\/v2\/pages\/2455","targetHints":{"allow":["GET"]}}],"collection":[{"href":"https:\/\/tianki.fi\/index.php\/wp-json\/wp\/v2\/pages"}],"about":[{"href":"https:\/\/tianki.fi\/index.php\/wp-json\/wp\/v2\/types\/page"}],"author":[{"embeddable":true,"href":"https:\/\/tianki.fi\/index.php\/wp-json\/wp\/v2\/users\/1"}],"replies":[{"embeddable":true,"href":"https:\/\/tianki.fi\/index.php\/wp-json\/wp\/v2\/comments?post=2455"}],"version-history":[{"count":51,"href":"https:\/\/tianki.fi\/index.php\/wp-json\/wp\/v2\/pages\/2455\/revisions"}],"predecessor-version":[{"id":2955,"href":"https:\/\/tianki.fi\/index.php\/wp-json\/wp\/v2\/pages\/2455\/revisions\/2955"}],"wp:attachment":[{"href":"https:\/\/tianki.fi\/index.php\/wp-json\/wp\/v2\/media?parent=2455"}],"curies":[{"name":"wp","href":"https:\/\/api.w.org\/{rel}","templated":true}]}}