{"id":2494,"date":"2023-10-06T18:06:59","date_gmt":"2023-10-06T18:06:59","guid":{"rendered":"https:\/\/tianki.fi\/?page_id=2494"},"modified":"2026-02-12T09:27:50","modified_gmt":"2026-02-12T09:27:50","slug":"minusta","status":"publish","type":"page","link":"https:\/\/tianki.fi\/index.php\/minusta\/","title":{"rendered":"minusta"},"content":{"rendered":"<div class=\"grid kcm\">\n<div class=\"grid__item six-twelfths portable--auto lap--auto palm--auto top-no-padding bottom-no-padding center \" data-style=\"\">\n<h2 class=\"p1\"><span class=\"s1\">Hei Sin\u00e4,<\/span><\/h2>\n<p class=\"p1\"><span class=\"s1\">Kiitos kun tulit vierailemaan sivuillani. Nyt hieman lis\u00e4\u00e4 minusta ja taustastani.<\/span><\/p>\n<p class=\"p1\"><span class=\"s1\">Nimi Tian.Ki viittaa Ki-energiaan, tai itse asiassa yhteen sen muotoon, joka on taivaallista Ki&#8217;t\u00e4 (kiinalaisittain tianqi). Siihen kuuluvat kuu, taivas ja t\u00e4hdet. Ki, jota my\u00f6s el\u00e4m\u00e4nenergiaksi kutsutaan, on t\u00e4rke\u00e4\u00e4 jokaiselle meist\u00e4, sill\u00e4 sen vapaa virtaus sis\u00e4ll\u00e4mme pit\u00e4\u00e4 kehon ja mielen terveen\u00e4. Se on oikeastaan kaikkien hoitojeni missio. <\/span><\/p>\n<p class=\"p1\"><span class=\"s1\">Minun tieni Kin ja kokonaisvaltaisen hyvinvoinnin \u00e4\u00e4relle on tapahtunut monien mutkien kautta, mutta pitk\u00e4j\u00e4nteisesti. Se alkoi vuonna 2001, kun jooga astui el\u00e4m\u00e4ni \u2013 tai itse astuin ensimm\u00e4ist\u00e4 kertaa joogasaliin. Aluksi kehopainotteinen harjoitus l\u00f6ysi ajan my\u00f6t\u00e4 uusia tasoja ja muuttui kokonaisvaltaisemmaksi. <\/span><\/p>\n<p class=\"p1\"><span class=\"s1\">Samalla minulle avautui koko luontaishoitojen rajaton universumi, ja vuosien mittaan olen saanut korvaamatonta apua monista loistavista hoitomenetelmist\u00e4, kuten akupunktiosta, shiatsuterapiasta ja <a href=\"https:\/\/tianki.fi\/index.php\/reiki\/\">reikist\u00e4<\/a>. Matkalla on my\u00f6s tapahtunut arvokkaita kohtaamisia ihmisten kanssa, jotka ovat viitoittaneet polkuani. <\/span><\/p>\n<p class=\"p1\"><span class=\"s1\">Ehk\u00e4 juuri se apu ja ne kohtaamiset ovat luoneet palon auttaa my\u00f6s itse muita. Maailma on t\u00e4ynn\u00e4 erinomaisia tapoja hyvinvoinnin tukemiseen ja terveyden yll\u00e4pitoon, ja monet niist\u00e4 ovat lis\u00e4ksi vuosituhansia vanhoja. Uteliaana ihmisen\u00e4 olen imenyt itseeni paljon vaikutteita eri maailman kolkista ja innostunut uusista asioista avoimin mielin. Se olen ymm\u00e4rt\u00e4nyt, ett\u00e4 ainakin isossa kaavassa kyse on pitk\u00e4lti samoista asioista, joista vaan puhutaan eri termeill\u00e4. Oli hoito mik\u00e4 tahansa, pyrin katsomaan ihmist\u00e4 aina kokonaisuutena.<\/span><\/p>\n<p class=\"p1\"><span class=\"s1\">Kiinalainen l\u00e4\u00e4ketiede ja vanhat japanilaiset hoitomuodot ovat vieneet syd\u00e4meni viime vuosina, mutta ne eiv\u00e4t sulje pois sit\u00e4 mit\u00e4 olen oppinut intialaisen joogan ja ayurvedan kautta. Jo pelkk\u00e4 kosketus voi olla voimauttavaa ja luontoyhteytt\u00e4 tarvitsee meist\u00e4 jokainen. Ihmeellisint\u00e4 on se, miten yksinkertaisista asioista ihmisen hyvinvointi voi joskus olla kiinni. Juuri se minua kiehtoo shiatsun tai reikin kaltaisissa hoidoissa, ja sen oivalluksen haluaisin pist\u00e4\u00e4 kiert\u00e4m\u00e4\u00e4n. <\/span><\/p>\n<p class=\"p1\"><span class=\"s1\">T\u00e4ss\u00e4 on viel\u00e4 loppuel\u00e4m\u00e4n mittainen matka opittavaa, eik\u00e4 sek\u00e4\u00e4n v\u00e4ltt\u00e4m\u00e4tt\u00e4 riit\u00e4. Itseni kehitt\u00e4minen siis jatkuu, ja ainakin t\u00e4ll\u00e4 hetkell\u00e4 tuntuu silt\u00e4, ett\u00e4 reitti on oikea.<\/span><\/p>\n<p>Nyky\u00e4\u00e4n asun Harmoisissa, josta l\u00f6ytyi koti parinkymmenen maailmalla vietetyn vuoden j\u00e4lkeen. Nautin yksinkertaisesta el\u00e4m\u00e4st\u00e4 maalla ja siit\u00e4, ett\u00e4 mets\u00e4 aukeaa suoraan kotiovelta.\u00a0<span class=\"s1\">Hoitohuoneeni sijaitsee Kuhmoisten keskustassa ja olen pyrkinyt luomaan siit\u00e4 rauhallisen ja harmonisen tilan, jossa voin tarjota kiireett\u00f6m\u00e4n ja l\u00e4sn\u00e4olevan lepohetken arjen keskell\u00e4. <\/span><\/p>\n<p class=\"p1\"><span class=\"s1\">L\u00e4mpim\u00e4sti tervetuloa.<\/span><\/p>\n<p>Tia<\/p>\n<\/div>\n<div class=\"grid__item six-twelfths portable--auto lap--auto palm--auto top-no-padding bottom-small-padding center \" data-style=\"\">\n<p><img loading=\"lazy\" decoding=\"async\" class=\"size-full wp-image-2663 aligncenter\" src=\"http:\/\/tianki.fi\/wp-content\/uploads\/2023\/10\/tianki-minusta-02.jpg\" alt=\"tianki minusta\" width=\"1024\" height=\"679\" srcset=\"https:\/\/tianki.fi\/wp-content\/uploads\/2023\/10\/tianki-minusta-02.jpg 1024w, https:\/\/tianki.fi\/wp-content\/uploads\/2023\/10\/tianki-minusta-02-300x199.jpg 300w, https:\/\/tianki.fi\/wp-content\/uploads\/2023\/10\/tianki-minusta-02-768x509.jpg 768w\" sizes=\"auto, (max-width: 1024px) 100vw, 1024px\" \/><\/p>\n<\/div>\n<div class=\"grid__item one-twelfth portable--auto lap--auto palm--auto top-no-padding bottom-no-padding \" data-style=\"\"><\/div>\n<div class=\"grid__item two-twelfths portable--auto lap--auto palm--auto top-no-padding bottom-no-padding \" data-style=\"\">\n<h2 class=\"p1\"><span class=\"s1\">Oppipolku<\/span><\/h2>\n<\/div>\n<div class=\"grid__item eight-twelfths portable--auto lap--auto palm--auto top-no-padding bottom-medium-padding   \" data-style=\"\">\n<ul>\n<li><span class=\"s1\">Shiatsuterapeutti \u2013 Frantsila, H\u00e4meenkyr\u00f6 (2024)<\/span><\/li>\n<li><span class=\"s1\">Shaitsuhoitaja \u2013 Frantsila, H\u00e4meenkyr\u00f6 (2023)<\/span><\/li>\n<li><span class=\"s1\">Kosmeettinen Gua Sha -koulutus \u2013 Cheli Conde\/Shala, Barcelona (2023)<\/span><\/li>\n<li><span class=\"s1\">Reiki II \u2013 Escola Superior de Reiki, Barcelona (2020)<\/span><\/li>\n<li><span class=\"s1\">Reiki I \u2013 Escola Superior de Reiki, Barcelona (2019)<\/span><\/li>\n<li><span class=\"s1\">Ayurvedinen joogahieronta \u2013 ARYM Institute, Barcelona (2017)<\/span><\/li>\n<li><span class=\"s1\">Lasten joogaohjaaja \u2013 Happy Yoga, Barcelona (2015)<\/span><\/li>\n<li><span class=\"s1\">Vinyasa joogaohjaaja RYS200 \u2013 Sampoorna, Intia (2013)<\/span><\/li>\n<li><span class=\"s1\">Valokuvaaja \u2013 GrisArt (2012)<\/span><\/li>\n<li><span class=\"s1\">Tradenomi \u2013 Haaga-Helia (2002)<\/span><\/li>\n<\/ul>\n<p class=\"p1\" style=\"text-align: left;\"><span class=\"s1\"><br \/>\n\u00a9 2026 Tian.Ki<\/span><\/p>\n<\/div>\n<\/div>\n","protected":false},"excerpt":{"rendered":"<p>Hei Sin\u00e4, Kiitos kun tulit vierailemaan sivuillani. Nyt hieman lis\u00e4\u00e4 minusta ja taustastani. Nimi Tian.Ki viittaa Ki-energiaan, tai itse asiassa yhteen sen muotoon, joka on taivaallista Ki&#8217;t\u00e4 (kiinalaisittain tianqi). Siihen kuuluvat kuu, taivas ja t\u00e4hdet. Ki, jota my\u00f6s el\u00e4m\u00e4nenergiaksi kutsutaan, on t\u00e4rke\u00e4\u00e4 jokaiselle meist\u00e4, sill\u00e4 sen vapaa virtaus sis\u00e4ll\u00e4mme pit\u00e4\u00e4 kehon ja mielen terveen\u00e4. Se [&hellip;]<\/p>\n","protected":false},"author":1,"featured_media":0,"parent":0,"menu_order":0,"comment_status":"closed","ping_status":"closed","template":"","meta":{"footnotes":""},"class_list":["post-2494","page","type-page","status-publish","hentry"],"acf":[],"yoast_head":"<!-- This site is optimized with the Yoast SEO plugin v26.9 - https:\/\/yoast.com\/product\/yoast-seo-wordpress\/ -->\n<title>Tietoa minusta \u2013 Tia Leino | Hoitola Tian.Ki<\/title>\n<meta name=\"description\" content=\"Olen Tia Leino, Tian.Ki -hoitohuoneen perustaja Kuhmoisissa. T\u00e4lt\u00e4 sivulta l\u00f6yd\u00e4t lis\u00e4tietoja minusta ja taustastani.\" \/>\n<meta name=\"robots\" content=\"index, follow, max-snippet:-1, max-image-preview:large, max-video-preview:-1\" \/>\n<link rel=\"canonical\" href=\"https:\/\/tianki.fi\/index.php\/minusta\/\" \/>\n<meta property=\"og:locale\" content=\"en_GB\" \/>\n<meta property=\"og:type\" content=\"article\" \/>\n<meta property=\"og:title\" content=\"Tietoa minusta \u2013 Tia Leino | Hoitola Tian.Ki\" \/>\n<meta property=\"og:description\" content=\"Olen Tia Leino, Tian.Ki -hoitohuoneen perustaja Kuhmoisissa. T\u00e4lt\u00e4 sivulta l\u00f6yd\u00e4t lis\u00e4tietoja minusta ja taustastani.\" \/>\n<meta property=\"og:url\" content=\"https:\/\/tianki.fi\/index.php\/minusta\/\" \/>\n<meta property=\"og:site_name\" content=\"Tianki\" \/>\n<meta property=\"article:modified_time\" content=\"2026-02-12T09:27:50+00:00\" \/>\n<meta property=\"og:image\" content=\"https:\/\/tianki.fi\/wp-content\/uploads\/2023\/10\/tianki-minusta-02.jpg\" \/>\n\t<meta property=\"og:image:width\" content=\"1024\" \/>\n\t<meta property=\"og:image:height\" content=\"679\" \/>\n\t<meta property=\"og:image:type\" content=\"image\/jpeg\" \/>\n<meta name=\"twitter:card\" content=\"summary_large_image\" \/>\n<meta name=\"twitter:label1\" content=\"Estimated reading time\" \/>\n\t<meta name=\"twitter:data1\" content=\"2 minutes\" \/>\n<script type=\"application\/ld+json\" class=\"yoast-schema-graph\">{\"@context\":\"https:\/\/schema.org\",\"@graph\":[{\"@type\":\"WebPage\",\"@id\":\"https:\/\/tianki.fi\/index.php\/minusta\/\",\"url\":\"https:\/\/tianki.fi\/index.php\/minusta\/\",\"name\":\"Tietoa minusta \u2013 Tia Leino | Hoitola Tian.Ki\",\"isPartOf\":{\"@id\":\"https:\/\/tianki.fi\/#website\"},\"primaryImageOfPage\":{\"@id\":\"https:\/\/tianki.fi\/index.php\/minusta\/#primaryimage\"},\"image\":{\"@id\":\"https:\/\/tianki.fi\/index.php\/minusta\/#primaryimage\"},\"thumbnailUrl\":\"http:\/\/tianki.fi\/wp-content\/uploads\/2023\/10\/tianki-minusta-02.jpg\",\"datePublished\":\"2023-10-06T18:06:59+00:00\",\"dateModified\":\"2026-02-12T09:27:50+00:00\",\"description\":\"Olen Tia Leino, Tian.Ki -hoitohuoneen perustaja Kuhmoisissa. T\u00e4lt\u00e4 sivulta l\u00f6yd\u00e4t lis\u00e4tietoja minusta ja taustastani.\",\"breadcrumb\":{\"@id\":\"https:\/\/tianki.fi\/index.php\/minusta\/#breadcrumb\"},\"inLanguage\":\"en-GB\",\"potentialAction\":[{\"@type\":\"ReadAction\",\"target\":[\"https:\/\/tianki.fi\/index.php\/minusta\/\"]}]},{\"@type\":\"ImageObject\",\"inLanguage\":\"en-GB\",\"@id\":\"https:\/\/tianki.fi\/index.php\/minusta\/#primaryimage\",\"url\":\"http:\/\/tianki.fi\/wp-content\/uploads\/2023\/10\/tianki-minusta-02.jpg\",\"contentUrl\":\"http:\/\/tianki.fi\/wp-content\/uploads\/2023\/10\/tianki-minusta-02.jpg\"},{\"@type\":\"BreadcrumbList\",\"@id\":\"https:\/\/tianki.fi\/index.php\/minusta\/#breadcrumb\",\"itemListElement\":[{\"@type\":\"ListItem\",\"position\":1,\"name\":\"Home\",\"item\":\"https:\/\/tianki.fi\/\"},{\"@type\":\"ListItem\",\"position\":2,\"name\":\"minusta\"}]},{\"@type\":\"WebSite\",\"@id\":\"https:\/\/tianki.fi\/#website\",\"url\":\"https:\/\/tianki.fi\/\",\"name\":\"Tianki\",\"description\":\"Healing\",\"potentialAction\":[{\"@type\":\"SearchAction\",\"target\":{\"@type\":\"EntryPoint\",\"urlTemplate\":\"https:\/\/tianki.fi\/?s={search_term_string}\"},\"query-input\":{\"@type\":\"PropertyValueSpecification\",\"valueRequired\":true,\"valueName\":\"search_term_string\"}}],\"inLanguage\":\"en-GB\"}]}<\/script>\n<!-- \/ Yoast SEO plugin. -->","yoast_head_json":{"title":"Tietoa minusta \u2013 Tia Leino | Hoitola Tian.Ki","description":"Olen Tia Leino, Tian.Ki -hoitohuoneen perustaja Kuhmoisissa. T\u00e4lt\u00e4 sivulta l\u00f6yd\u00e4t lis\u00e4tietoja minusta ja taustastani.","robots":{"index":"index","follow":"follow","max-snippet":"max-snippet:-1","max-image-preview":"max-image-preview:large","max-video-preview":"max-video-preview:-1"},"canonical":"https:\/\/tianki.fi\/index.php\/minusta\/","og_locale":"en_GB","og_type":"article","og_title":"Tietoa minusta \u2013 Tia Leino | Hoitola Tian.Ki","og_description":"Olen Tia Leino, Tian.Ki -hoitohuoneen perustaja Kuhmoisissa. T\u00e4lt\u00e4 sivulta l\u00f6yd\u00e4t lis\u00e4tietoja minusta ja taustastani.","og_url":"https:\/\/tianki.fi\/index.php\/minusta\/","og_site_name":"Tianki","article_modified_time":"2026-02-12T09:27:50+00:00","og_image":[{"width":1024,"height":679,"url":"https:\/\/tianki.fi\/wp-content\/uploads\/2023\/10\/tianki-minusta-02.jpg","type":"image\/jpeg"}],"twitter_card":"summary_large_image","twitter_misc":{"Estimated reading time":"2 minutes"},"schema":{"@context":"https:\/\/schema.org","@graph":[{"@type":"WebPage","@id":"https:\/\/tianki.fi\/index.php\/minusta\/","url":"https:\/\/tianki.fi\/index.php\/minusta\/","name":"Tietoa minusta \u2013 Tia Leino | Hoitola Tian.Ki","isPartOf":{"@id":"https:\/\/tianki.fi\/#website"},"primaryImageOfPage":{"@id":"https:\/\/tianki.fi\/index.php\/minusta\/#primaryimage"},"image":{"@id":"https:\/\/tianki.fi\/index.php\/minusta\/#primaryimage"},"thumbnailUrl":"http:\/\/tianki.fi\/wp-content\/uploads\/2023\/10\/tianki-minusta-02.jpg","datePublished":"2023-10-06T18:06:59+00:00","dateModified":"2026-02-12T09:27:50+00:00","description":"Olen Tia Leino, Tian.Ki -hoitohuoneen perustaja Kuhmoisissa. T\u00e4lt\u00e4 sivulta l\u00f6yd\u00e4t lis\u00e4tietoja minusta ja taustastani.","breadcrumb":{"@id":"https:\/\/tianki.fi\/index.php\/minusta\/#breadcrumb"},"inLanguage":"en-GB","potentialAction":[{"@type":"ReadAction","target":["https:\/\/tianki.fi\/index.php\/minusta\/"]}]},{"@type":"ImageObject","inLanguage":"en-GB","@id":"https:\/\/tianki.fi\/index.php\/minusta\/#primaryimage","url":"http:\/\/tianki.fi\/wp-content\/uploads\/2023\/10\/tianki-minusta-02.jpg","contentUrl":"http:\/\/tianki.fi\/wp-content\/uploads\/2023\/10\/tianki-minusta-02.jpg"},{"@type":"BreadcrumbList","@id":"https:\/\/tianki.fi\/index.php\/minusta\/#breadcrumb","itemListElement":[{"@type":"ListItem","position":1,"name":"Home","item":"https:\/\/tianki.fi\/"},{"@type":"ListItem","position":2,"name":"minusta"}]},{"@type":"WebSite","@id":"https:\/\/tianki.fi\/#website","url":"https:\/\/tianki.fi\/","name":"Tianki","description":"Healing","potentialAction":[{"@type":"SearchAction","target":{"@type":"EntryPoint","urlTemplate":"https:\/\/tianki.fi\/?s={search_term_string}"},"query-input":{"@type":"PropertyValueSpecification","valueRequired":true,"valueName":"search_term_string"}}],"inLanguage":"en-GB"}]}},"_links":{"self":[{"href":"https:\/\/tianki.fi\/index.php\/wp-json\/wp\/v2\/pages\/2494","targetHints":{"allow":["GET"]}}],"collection":[{"href":"https:\/\/tianki.fi\/index.php\/wp-json\/wp\/v2\/pages"}],"about":[{"href":"https:\/\/tianki.fi\/index.php\/wp-json\/wp\/v2\/types\/page"}],"author":[{"embeddable":true,"href":"https:\/\/tianki.fi\/index.php\/wp-json\/wp\/v2\/users\/1"}],"replies":[{"embeddable":true,"href":"https:\/\/tianki.fi\/index.php\/wp-json\/wp\/v2\/comments?post=2494"}],"version-history":[{"count":20,"href":"https:\/\/tianki.fi\/index.php\/wp-json\/wp\/v2\/pages\/2494\/revisions"}],"predecessor-version":[{"id":2961,"href":"https:\/\/tianki.fi\/index.php\/wp-json\/wp\/v2\/pages\/2494\/revisions\/2961"}],"wp:attachment":[{"href":"https:\/\/tianki.fi\/index.php\/wp-json\/wp\/v2\/media?parent=2494"}],"curies":[{"name":"wp","href":"https:\/\/api.w.org\/{rel}","templated":true}]}}